{"id":599,"date":"2025-06-01T22:04:24","date_gmt":"2025-06-01T22:04:24","guid":{"rendered":"https:\/\/personal.pt\/vp\/?page_id=599"},"modified":"2025-06-11T02:07:35","modified_gmt":"2025-06-11T02:07:35","slug":"documentacao-aplicavel","status":"publish","type":"page","link":"https:\/\/beiradouro.pt\/vp\/dlbc-2020\/documentacao-aplicavel\/","title":{"rendered":"Documenta\u00e7\u00e3o Aplic\u00e1vel"},"content":{"rendered":"\t\t<div data-elementor-type=\"wp-page\" data-elementor-id=\"599\" class=\"elementor elementor-599\">\n\t\t\t\t<div class=\"aux-parallax-section elementor-element elementor-element-eb11362 e-flex e-con-boxed e-con e-parent\" data-id=\"eb11362\" data-element_type=\"container\" data-e-type=\"container\">\n\t\t\t\t\t<div class=\"e-con-inner\">\n\t\t<div class=\"elementor-element elementor-element-b795053 e-con-full e-flex e-con e-child\" data-id=\"b795053\" data-element_type=\"container\" data-e-type=\"container\">\n\t\t\t\t<div class=\"elementor-element elementor-element-1f1c008 aux-appear-watch-animation aux-fade-in-up-1 elementor-widget elementor-widget-aux_modern_heading\" data-id=\"1f1c008\" data-element_type=\"widget\" data-e-type=\"widget\" data-widget_type=\"aux_modern_heading.default\">\n\t\t\t\t<div class=\"elementor-widget-container\">\n\t\t\t\t\t<section class=\"aux-widget-modern-heading\">\n            <div class=\"aux-widget-inner\"><h2 class=\"aux-modern-heading-primary\"><\/h2><h3 class=\"aux-modern-heading-secondary\"><span class=\"aux-head-before\">Legisla\u00e7\u00e3o Aplic\u00e1vel <\/span><\/h3><div class=\"aux-modern-heading-divider\"><\/div><\/div>\n        <\/section>\t\t\t\t<\/div>\n\t\t\t\t<\/div>\n\t\t\t\t<\/div>\n\t\t\t\t\t<\/div>\n\t\t\t\t<\/div>\n\t\t<div class=\"aux-parallax-section elementor-element elementor-element-df247a3 e-flex e-con-boxed e-con e-parent\" data-id=\"df247a3\" data-element_type=\"container\" data-e-type=\"container\">\n\t\t\t\t\t<div class=\"e-con-inner\">\n\t\t\t\t<div class=\"elementor-element elementor-element-00dd221 aux-appear-watch-animation aux-fade-in-up-1 elementor-widget elementor-widget-aux_modern_heading\" data-id=\"00dd221\" data-element_type=\"widget\" data-e-type=\"widget\" data-widget_type=\"aux_modern_heading.default\">\n\t\t\t\t<div class=\"elementor-widget-container\">\n\t\t\t\t\t<section class=\"aux-widget-modern-heading\">\n            <div class=\"aux-widget-inner\"><h2 class=\"aux-modern-heading-primary\">Regulamenta\u00e7\u00e3o Comunit\u00e1ria<\/h2><div class=\"aux-modern-heading-divider\"><\/div><\/div>\n        <\/section>\t\t\t\t<\/div>\n\t\t\t\t<\/div>\n\t\t\t\t<div class=\"elementor-element elementor-element-d7b2370 elementor-widget elementor-widget-aux_image\" data-id=\"d7b2370\" data-element_type=\"widget\" data-e-type=\"widget\" data-widget_type=\"aux_image.default\">\n\t\t\t\t<div class=\"elementor-widget-container\">\n\t\t\t\t\t<section class=\"widget-container aux-widget-image aux-alignnone aux-parent-aua9dd301d\">\n    <div class=\"aux-media-hint-frame \">\n        <div class=\"aux-media-image aux-hover-active aux-tilt-box\" >\n                    <a class=\"\" href=\"http:\/\/www.pdr-2020.pt\/Legislacao\/Comunitaria\" data-elementor-open-lightbox=\"no\" data-original-width=\"830\" data-original-height=\"530\" data-caption=\"Leg_Comunitaria\" target=\"_blank\"  >\n        \n            \n\n            \n            <img fetchpriority=\"high\" decoding=\"async\" width=\"830\" height=\"530\" src=\"https:\/\/beiradouro.pt\/vp\/wp-content\/uploads\/2025\/06\/Leg_Comunitaria.jpg\" class=\"aux-attachment aux-featured-image aux-attachment-id-697\" alt=\"Leg_Comunitaria\" data-ratio=\"1.57\" data-original-w=\"830\" \/>            \n                    <\/a>\n                <\/div>\n    <\/div>\n\n<\/section><!-- widget-container -->\t\t\t\t<\/div>\n\t\t\t\t<\/div>\n\t\t\t\t<div class=\"elementor-element elementor-element-9332f51 aux-appear-watch-animation aux-fade-in-up-1 elementor-widget elementor-widget-aux_button\" data-id=\"9332f51\" data-element_type=\"widget\" data-e-type=\"widget\" data-widget_type=\"aux_button.default\">\n\t\t\t\t<div class=\"elementor-widget-container\">\n\t\t\t\t\t<a  href=\"http:\/\/www.pdr-2020.pt\/Legislacao\/Comunitaria\" target=\"_blank\"   class=\"aux-button aux-medium aux-black aux-curve aux-none aux-uppercase\" ><span class=\"aux-overlay\"><\/span><span class=\"aux-text\">Saber Mais +<\/span><\/a>\t\t\t\t<\/div>\n\t\t\t\t<\/div>\n\t\t\t\t\t<\/div>\n\t\t\t\t<\/div>\n\t\t<div class=\"aux-parallax-section elementor-element elementor-element-0216643 e-flex e-con-boxed e-con e-parent\" data-id=\"0216643\" data-element_type=\"container\" data-e-type=\"container\">\n\t\t\t\t\t<div class=\"e-con-inner\">\n\t\t\t\t<div class=\"elementor-element elementor-element-d4327b1 aux-appear-watch-animation aux-fade-in-up-1 elementor-widget elementor-widget-aux_modern_heading\" data-id=\"d4327b1\" data-element_type=\"widget\" data-e-type=\"widget\" data-widget_type=\"aux_modern_heading.default\">\n\t\t\t\t<div class=\"elementor-widget-container\">\n\t\t\t\t\t<section class=\"aux-widget-modern-heading\">\n            <div class=\"aux-widget-inner\"><h2 class=\"aux-modern-heading-primary\">Regulamenta\u00e7\u00e3o Nacional<\/h2><div class=\"aux-modern-heading-divider\"><\/div><\/div>\n        <\/section>\t\t\t\t<\/div>\n\t\t\t\t<\/div>\n\t\t\t\t<div class=\"elementor-element elementor-element-14b4440 aux-appear-watch-animation aux-fade-in-up-1 elementor-widget elementor-widget-aux_modern_heading\" data-id=\"14b4440\" data-element_type=\"widget\" data-e-type=\"widget\" data-widget_type=\"aux_modern_heading.default\">\n\t\t\t\t<div class=\"elementor-widget-container\">\n\t\t\t\t\t<section class=\"aux-widget-modern-heading\">\n            <div class=\"aux-widget-inner\"><h4 class=\"aux-modern-heading-primary\">Legisla\u00e7\u00e3o Nacional<\/h4><div class=\"aux-modern-heading-divider\"><\/div><\/div>\n        <\/section>\t\t\t\t<\/div>\n\t\t\t\t<\/div>\n\t\t\t\t<div class=\"elementor-element elementor-element-cb1ce19 elementor-widget elementor-widget-aux_image\" data-id=\"cb1ce19\" data-element_type=\"widget\" data-e-type=\"widget\" data-widget_type=\"aux_image.default\">\n\t\t\t\t<div class=\"elementor-widget-container\">\n\t\t\t\t\t<section class=\"widget-container aux-widget-image aux-alignnone aux-parent-au3efddc3c\">\n    <div class=\"aux-media-hint-frame \">\n        <div class=\"aux-media-image aux-hover-active aux-tilt-box\" >\n                    <a class=\"\" href=\"http:\/\/www.pdr-2020.pt\/Legislacao\/Nacional\" data-elementor-open-lightbox=\"no\" data-original-width=\"828\" data-original-height=\"575\" data-caption=\"Leg_Nacional\" target=\"_blank\"  >\n        \n            \n\n            \n            <img decoding=\"async\" width=\"828\" height=\"575\" src=\"https:\/\/beiradouro.pt\/vp\/wp-content\/uploads\/2025\/06\/Leg_Nacional.jpg\" class=\"aux-attachment aux-featured-image aux-attachment-id-698\" alt=\"Leg_Nacional\" data-ratio=\"1.44\" data-original-w=\"828\" \/>            \n                    <\/a>\n                <\/div>\n    <\/div>\n\n<\/section><!-- widget-container -->\t\t\t\t<\/div>\n\t\t\t\t<\/div>\n\t\t\t\t<div class=\"elementor-element elementor-element-cbf6f79 aux-appear-watch-animation aux-fade-in-up-1 elementor-widget elementor-widget-aux_button\" data-id=\"cbf6f79\" data-element_type=\"widget\" data-e-type=\"widget\" data-widget_type=\"aux_button.default\">\n\t\t\t\t<div class=\"elementor-widget-container\">\n\t\t\t\t\t<a  href=\"http:\/\/www.pdr-2020.pt\/Legislacao\/Nacional\" target=\"_blank\"   class=\"aux-button aux-medium aux-black aux-curve aux-none aux-uppercase\" ><span class=\"aux-overlay\"><\/span><span class=\"aux-text\">Saber Mais +<\/span><\/a>\t\t\t\t<\/div>\n\t\t\t\t<\/div>\n\t\t\t\t<div class=\"elementor-element elementor-element-e86ae75 aux-appear-watch-animation aux-fade-in-up-1 elementor-widget elementor-widget-aux_modern_heading\" data-id=\"e86ae75\" data-element_type=\"widget\" data-e-type=\"widget\" data-widget_type=\"aux_modern_heading.default\">\n\t\t\t\t<div class=\"elementor-widget-container\">\n\t\t\t\t\t<section class=\"aux-widget-modern-heading\">\n            <div class=\"aux-widget-inner\"><h4 class=\"aux-modern-heading-primary\">Regulamentos Espec\u00edficos<\/h4><div class=\"aux-modern-heading-divider\"><\/div><\/div>\n        <\/section>\t\t\t\t<\/div>\n\t\t\t\t<\/div>\n\t\t\t\t<div class=\"elementor-element elementor-element-5204196 elementor-widget elementor-widget-aux_image\" data-id=\"5204196\" data-element_type=\"widget\" data-e-type=\"widget\" data-widget_type=\"aux_image.default\">\n\t\t\t\t<div class=\"elementor-widget-container\">\n\t\t\t\t\t<section class=\"widget-container aux-widget-image aux-alignnone aux-parent-au7a894d22\">\n    <div class=\"aux-media-hint-frame \">\n        <div class=\"aux-media-image aux-hover-active aux-tilt-box\" >\n                    <a class=\"\" href=\"http:\/\/www.pdr-2020.pt\/Legislacao\/PDR2020-Regimes-de-Aplicacao\" data-elementor-open-lightbox=\"no\" data-original-width=\"832\" data-original-height=\"524\" data-caption=\"Regulamenta\u00e7\u00e3o_Comunit\u00e1ria\" target=\"_blank\"  >\n        \n            \n\n            \n            <img decoding=\"async\" width=\"832\" height=\"524\" src=\"https:\/\/beiradouro.pt\/vp\/wp-content\/uploads\/2025\/06\/Regulamentacao_Comunitaria-e1748906780170.jpg\" class=\"aux-attachment aux-featured-image aux-attachment-id-684\" alt=\"Regulamenta\u00e7\u00e3o_Comunit\u00e1ria\" data-ratio=\"1.59\" data-original-w=\"832\" \/>            \n                    <\/a>\n                <\/div>\n    <\/div>\n\n<\/section><!-- widget-container -->\t\t\t\t<\/div>\n\t\t\t\t<\/div>\n\t\t\t\t<div class=\"elementor-element elementor-element-f8594b9 aux-appear-watch-animation aux-fade-in-up-1 elementor-widget elementor-widget-aux_button\" data-id=\"f8594b9\" data-element_type=\"widget\" data-e-type=\"widget\" data-widget_type=\"aux_button.default\">\n\t\t\t\t<div class=\"elementor-widget-container\">\n\t\t\t\t\t<a  href=\"http:\/\/www.pdr-2020.pt\/Legislacao\/PDR2020-Regimes-de-Aplicacao\" target=\"_blank\"   class=\"aux-button aux-medium aux-black aux-curve aux-none aux-uppercase\" ><span class=\"aux-overlay\"><\/span><span class=\"aux-text\">Saber Mais +<\/span><\/a>\t\t\t\t<\/div>\n\t\t\t\t<\/div>\n\t\t\t\t\t<\/div>\n\t\t\t\t<\/div>\n\t\t<div class=\"aux-parallax-section elementor-element elementor-element-5aca9f0 e-flex e-con-boxed e-con e-parent\" data-id=\"5aca9f0\" data-element_type=\"container\" data-e-type=\"container\">\n\t\t\t\t\t<div class=\"e-con-inner\">\n\t\t<div class=\"elementor-element elementor-element-240bc66 e-con-full e-flex e-con e-child\" data-id=\"240bc66\" data-element_type=\"container\" data-e-type=\"container\">\n\t\t\t\t<div class=\"elementor-element elementor-element-074d40f aux-appear-watch-animation aux-fade-in-up-1 elementor-widget elementor-widget-aux_modern_heading\" data-id=\"074d40f\" data-element_type=\"widget\" data-e-type=\"widget\" data-widget_type=\"aux_modern_heading.default\">\n\t\t\t\t<div class=\"elementor-widget-container\">\n\t\t\t\t\t<section class=\"aux-widget-modern-heading\">\n            <div class=\"aux-widget-inner\"><h2 class=\"aux-modern-heading-primary\"><\/h2><h3 class=\"aux-modern-heading-secondary\"><span class=\"aux-head-before\">Guias e Manuais <\/span><\/h3><div class=\"aux-modern-heading-divider\"><\/div><\/div>\n        <\/section>\t\t\t\t<\/div>\n\t\t\t\t<\/div>\n\t\t\t\t<\/div>\n\t\t\t\t\t<\/div>\n\t\t\t\t<\/div>\n\t\t<div class=\"aux-parallax-section elementor-element elementor-element-92ea79a e-flex e-con-boxed e-con e-parent\" data-id=\"92ea79a\" data-element_type=\"container\" data-e-type=\"container\" data-settings=\"{&quot;background_background&quot;:&quot;classic&quot;}\">\n\t\t\t\t\t<div class=\"e-con-inner\">\n\t\t<div class=\"elementor-element elementor-element-19693cb e-con-full e-flex e-con e-child\" data-id=\"19693cb\" data-element_type=\"container\" data-e-type=\"container\">\n\t\t\t\t<div class=\"elementor-element elementor-element-605dd57 aux-appear-watch-animation aux-fade-in-up-1 elementor-widget elementor-widget-text-editor\" data-id=\"605dd57\" data-element_type=\"widget\" data-e-type=\"widget\" data-widget_type=\"text-editor.default\">\n\t\t\t\t<div class=\"elementor-widget-container\">\n\t\t\t\t\t\t\t\t\t<h4><a href=\"https:\/\/beiradouro.pt\/vp\/wp-content\/uploads\/2025\/06\/Portaria_152_2016.pdf\">Portaria_152 \/ 2016<\/a><\/h4>\t\t\t\t\t\t\t\t<\/div>\n\t\t\t\t<\/div>\n\t\t\t\t<\/div>\n\t\t<div class=\"elementor-element elementor-element-a02a97e e-con-full e-flex e-con e-child\" data-id=\"a02a97e\" data-element_type=\"container\" data-e-type=\"container\">\n\t\t\t\t<div class=\"elementor-element elementor-element-6f636b5 aux-appear-watch-animation aux-fade-in-up-1 elementor-widget elementor-widget-text-editor\" data-id=\"6f636b5\" data-element_type=\"widget\" data-e-type=\"widget\" data-widget_type=\"text-editor.default\">\n\t\t\t\t<div class=\"elementor-widget-container\">\n\t\t\t\t\t\t\t\t\t<h4><a href=\"https:\/\/beiradouro.pt\/vp\/wp-content\/uploads\/2025\/06\/Guia_rapido_submissaodecandidaturas.pdf\">Guia R\u00e1pido De Submiss\u00e3o De Candidaturas<\/a><\/h4>\t\t\t\t\t\t\t\t<\/div>\n\t\t\t\t<\/div>\n\t\t\t\t<\/div>\n\t\t<div class=\"elementor-element elementor-element-a4ac707 e-con-full e-flex e-con e-child\" data-id=\"a4ac707\" data-element_type=\"container\" data-e-type=\"container\">\n\t\t\t\t<div class=\"elementor-element elementor-element-bc304b6 aux-appear-watch-animation aux-fade-in-up-1 elementor-widget elementor-widget-text-editor\" data-id=\"bc304b6\" data-element_type=\"widget\" data-e-type=\"widget\" data-widget_type=\"text-editor.default\">\n\t\t\t\t<div class=\"elementor-widget-container\">\n\t\t\t\t\t\t\t\t\t<h4><a href=\"https:\/\/beiradouro.pt\/vp\/wp-content\/uploads\/2025\/06\/ManualBalcaoBeneficiario.pdf\">Manual do Balc\u00e3o do Benefici\u00e1rio<\/a><\/h4>\t\t\t\t\t\t\t\t<\/div>\n\t\t\t\t<\/div>\n\t\t\t\t<\/div>\n\t\t\t\t\t<\/div>\n\t\t\t\t<\/div>\n\t\t<div class=\"aux-parallax-section elementor-element elementor-element-9b0d14c e-flex e-con-boxed e-con e-parent\" data-id=\"9b0d14c\" data-element_type=\"container\" data-e-type=\"container\">\n\t\t\t\t\t<div class=\"e-con-inner\">\n\t\t<div class=\"elementor-element elementor-element-a3524ea e-con-full e-flex e-con e-child\" data-id=\"a3524ea\" data-element_type=\"container\" data-e-type=\"container\">\n\t\t\t\t<div class=\"elementor-element elementor-element-92987d5 aux-appear-watch-animation aux-fade-in-up-1 elementor-widget elementor-widget-aux_modern_heading\" data-id=\"92987d5\" data-element_type=\"widget\" data-e-type=\"widget\" data-widget_type=\"aux_modern_heading.default\">\n\t\t\t\t<div class=\"elementor-widget-container\">\n\t\t\t\t\t<section class=\"aux-widget-modern-heading\">\n            <div class=\"aux-widget-inner\"><h2 class=\"aux-modern-heading-primary\"><\/h2><h3 class=\"aux-modern-heading-secondary\"><span class=\"aux-head-before\">Regras de Publicidade <\/span><\/h3><div class=\"aux-modern-heading-divider\"><\/div><\/div>\n        <\/section>\t\t\t\t<\/div>\n\t\t\t\t<\/div>\n\t\t\t\t<\/div>\n\t\t\t\t\t<\/div>\n\t\t\t\t<\/div>\n\t\t<div class=\"aux-parallax-section elementor-element elementor-element-cb74f5b e-flex e-con-boxed e-con e-parent\" data-id=\"cb74f5b\" data-element_type=\"container\" data-e-type=\"container\">\n\t\t\t\t\t<div class=\"e-con-inner\">\n\t\t\t\t<div class=\"elementor-element elementor-element-974abfc elementor-widget elementor-widget-aux_image\" data-id=\"974abfc\" data-element_type=\"widget\" data-e-type=\"widget\" data-widget_type=\"aux_image.default\">\n\t\t\t\t<div class=\"elementor-widget-container\">\n\t\t\t\t\t<section class=\"widget-container aux-widget-image aux-alignnone aux-parent-au45f96ad5\">\n    <div class=\"aux-media-hint-frame \">\n        <div class=\"aux-media-image aux-hover-active aux-tilt-box\" >\n                    <a class=\"\" href=\"http:\/\/www.pdr-2020.pt\/Quem-somos\/Comunicacao-e-Marca\" data-elementor-open-lightbox=\"no\" data-original-width=\"830\" data-original-height=\"530\" data-caption=\"Leg_Comunitaria\" target=\"_blank\"  >\n        \n            \n\n            \n            <img fetchpriority=\"high\" decoding=\"async\" width=\"830\" height=\"530\" src=\"https:\/\/beiradouro.pt\/vp\/wp-content\/uploads\/2025\/06\/Leg_Comunitaria.jpg\" class=\"aux-attachment aux-featured-image aux-attachment-id-697\" alt=\"Leg_Comunitaria\" data-ratio=\"1.57\" data-original-w=\"830\" \/>            \n                    <\/a>\n                <\/div>\n    <\/div>\n\n<\/section><!-- widget-container -->\t\t\t\t<\/div>\n\t\t\t\t<\/div>\n\t\t\t\t<div class=\"elementor-element elementor-element-1ef80d2 aux-appear-watch-animation aux-fade-in-up-1 elementor-widget elementor-widget-aux_button\" data-id=\"1ef80d2\" data-element_type=\"widget\" data-e-type=\"widget\" data-widget_type=\"aux_button.default\">\n\t\t\t\t<div class=\"elementor-widget-container\">\n\t\t\t\t\t<a  href=\"http:\/\/www.pdr-2020.pt\/Quem-somos\/Comunicacao-e-Marca\" target=\"_blank\"   class=\"aux-button aux-medium aux-black aux-curve aux-none aux-uppercase\" ><span class=\"aux-overlay\"><\/span><span class=\"aux-text\">Saber Mais +<\/span><\/a>\t\t\t\t<\/div>\n\t\t\t\t<\/div>\n\t\t\t\t\t<\/div>\n\t\t\t\t<\/div>\n\t\t\t\t<\/div>\n\t\t","protected":false},"excerpt":{"rendered":"<p>Legisla\u00e7\u00e3o Aplic\u00e1vel Regulamenta\u00e7\u00e3o Comunit\u00e1ria Saber Mais + Regulamenta\u00e7\u00e3o Nacional Legisla\u00e7\u00e3o Nacional Saber Mais + Regulamentos Espec\u00edficos Saber Mais + Guias e Manuais Portaria_152 \/ 2016 Guia R\u00e1pido De Submiss\u00e3o De Candidaturas Manual do Balc\u00e3o do Benefici\u00e1rio Regras de Publicidade Saber Mais +<\/p>\n","protected":false},"author":2,"featured_media":0,"parent":595,"menu_order":0,"comment_status":"closed","ping_status":"closed","template":"","meta":{"footnotes":""},"class_list":["post-599","page","type-page","status-publish","hentry"],"_links":{"self":[{"href":"https:\/\/beiradouro.pt\/vp\/wp-json\/wp\/v2\/pages\/599","targetHints":{"allow":["GET"]}}],"collection":[{"href":"https:\/\/beiradouro.pt\/vp\/wp-json\/wp\/v2\/pages"}],"about":[{"href":"https:\/\/beiradouro.pt\/vp\/wp-json\/wp\/v2\/types\/page"}],"author":[{"embeddable":true,"href":"https:\/\/beiradouro.pt\/vp\/wp-json\/wp\/v2\/users\/2"}],"replies":[{"embeddable":true,"href":"https:\/\/beiradouro.pt\/vp\/wp-json\/wp\/v2\/comments?post=599"}],"version-history":[{"count":25,"href":"https:\/\/beiradouro.pt\/vp\/wp-json\/wp\/v2\/pages\/599\/revisions"}],"predecessor-version":[{"id":858,"href":"https:\/\/beiradouro.pt\/vp\/wp-json\/wp\/v2\/pages\/599\/revisions\/858"}],"up":[{"embeddable":true,"href":"https:\/\/beiradouro.pt\/vp\/wp-json\/wp\/v2\/pages\/595"}],"wp:attachment":[{"href":"https:\/\/beiradouro.pt\/vp\/wp-json\/wp\/v2\/media?parent=599"}],"curies":[{"name":"wp","href":"https:\/\/api.w.org\/{rel}","templated":true}]}}