{"id":569,"date":"2025-06-01T21:54:20","date_gmt":"2025-06-01T21:54:20","guid":{"rendered":"https:\/\/personal.pt\/vp\/?page_id=569"},"modified":"2025-06-11T02:07:36","modified_gmt":"2025-06-11T02:07:36","slug":"douro-empreendedor","status":"publish","type":"page","link":"https:\/\/beiradouro.pt\/vp\/douro-empreendedor\/","title":{"rendered":"DOURO EMPREENDEDOR"},"content":{"rendered":"\t\t<div data-elementor-type=\"wp-page\" data-elementor-id=\"569\" class=\"elementor elementor-569\">\n\t\t\t\t<div class=\"aux-parallax-section elementor-element elementor-element-4c5fd72 e-flex e-con-boxed e-con e-parent\" data-id=\"4c5fd72\" data-element_type=\"container\" data-e-type=\"container\">\n\t\t\t\t\t<div class=\"e-con-inner\">\n\t\t\t\t<div class=\"elementor-element elementor-element-f21754d elementor-widget elementor-widget-aux_menu_box\" data-id=\"f21754d\" data-element_type=\"widget\" data-e-type=\"widget\" data-widget_type=\"aux_menu_box.default\">\n\t\t\t\t<div class=\"elementor-widget-container\">\n\t\t\t\t\t<div class=\"aux-elementor-header-menu aux-nav-menu-element aux-nav-menu-element-f21754d\"><div class=\"aux-burger-box\" data-target-panel=\"toggle-bar\" data-target-content=\".elementor-element-f21754d .aux-master-menu\"><div class=\"aux-burger aux-lite-small\"><span class=\"mid-line\"><\/span><\/div><\/div><!-- start master menu -->\n<nav id=\"master-menu-elementor-f21754d\" class=\"menu-douro_empreen-menu-container\">\n\n\t<ul id=\"menu-douro_empreen-menu\" class=\"aux-master-menu aux-no-js aux-skin-classic aux-with-indicator aux-with-splitter aux-horizontal\" data-type=\"horizontal\"  data-switch-type=\"toggle\" data-switch-parent=\".elementor-element-f21754d .aux-toggle-menu-bar\" data-switch-width=\"768\"  >\n\t\t<!-- start single menu -->\n\t\t<li id=\"menu-item-587\" class=\"menu-item menu-item-type-post_type menu-item-object-page menu-item-587 aux-menu-depth-0 aux-menu-root-1 aux-menu-item\">\n\t\t\t<a href=\"https:\/\/beiradouro.pt\/vp\/douro-empreendedor\/de-apresentacao\/\" class=\"aux-item-content\">\n\t\t\t\t<span class=\"aux-menu-label\">Apresenta\u00e7\u00e3o<\/span>\n\t\t\t<\/a>\n\t\t<\/li>\n\t\t<!-- end single menu -->\n\t\t<!-- start single menu -->\n\t\t<li id=\"menu-item-588\" class=\"menu-item menu-item-type-post_type menu-item-object-page menu-item-588 aux-menu-depth-0 aux-menu-root-2 aux-menu-item\">\n\t\t\t<a href=\"https:\/\/beiradouro.pt\/vp\/douro-empreendedor\/de-avisos-norte2030\/\" class=\"aux-item-content\">\n\t\t\t\t<span class=\"aux-menu-label\">Avisos NORTE2030<\/span>\n\t\t\t<\/a>\n\t\t<\/li>\n\t\t<!-- end single menu -->\n\t\t<!-- start single menu -->\n\t\t<li id=\"menu-item-589\" class=\"menu-item menu-item-type-post_type menu-item-object-page menu-item-589 aux-menu-depth-0 aux-menu-root-3 aux-menu-item\">\n\t\t\t<a href=\"https:\/\/beiradouro.pt\/vp\/douro-empreendedor\/de-formacao-e-capacitacao\/\" class=\"aux-item-content\">\n\t\t\t\t<span class=\"aux-menu-label\">Forma\u00e7\u00e3o e Capacita\u00e7\u00e3o<\/span>\n\t\t\t<\/a>\n\t\t<\/li>\n\t\t<!-- end single menu -->\n\t\t<!-- start single menu -->\n\t\t<li id=\"menu-item-590\" class=\"menu-item menu-item-type-post_type menu-item-object-page menu-item-590 aux-menu-depth-0 aux-menu-root-4 aux-menu-item\">\n\t\t\t<a href=\"https:\/\/beiradouro.pt\/vp\/douro-empreendedor\/de-eventos-e-networking\/\" class=\"aux-item-content\">\n\t\t\t\t<span class=\"aux-menu-label\">Eventos e Networking<\/span>\n\t\t\t<\/a>\n\t\t<\/li>\n\t\t<!-- end single menu -->\n\t\t<!-- start single menu -->\n\t\t<li id=\"menu-item-591\" class=\"menu-item menu-item-type-post_type menu-item-object-page menu-item-591 aux-menu-depth-0 aux-menu-root-5 aux-menu-item\">\n\t\t\t<a href=\"https:\/\/beiradouro.pt\/vp\/douro-empreendedor\/de-historias-de-sucesso\/\" class=\"aux-item-content\">\n\t\t\t\t<span class=\"aux-menu-label\">Hist\u00f3rias de Sucesso<\/span>\n\t\t\t<\/a>\n\t\t<\/li>\n\t\t<!-- end single menu -->\n\t<\/ul>\n\n<\/nav>\n<!-- end master menu -->\n<div class=\"aux-toggle-menu-bar\"><\/div><\/div><style>@media only screen and (min-width: 769px) { .elementor-element-f21754d .aux-burger-box { display: none } }<\/style>\t\t\t\t<\/div>\n\t\t\t\t<\/div>\n\t\t\t\t\t<\/div>\n\t\t\t\t<\/div>\n\t\t\t\t<\/div>\n\t\t","protected":false},"excerpt":{"rendered":"<p>Apresenta\u00e7\u00e3o Apoios NORTE2030 Forma\u00e7\u00e3o e Capacita\u00e7\u00e3o Eventos e Networking Hist\u00f3rias de Sucesso<\/p>\n","protected":false},"author":2,"featured_media":0,"parent":0,"menu_order":0,"comment_status":"closed","ping_status":"closed","template":"","meta":{"footnotes":""},"class_list":["post-569","page","type-page","status-publish","hentry"],"_links":{"self":[{"href":"https:\/\/beiradouro.pt\/vp\/wp-json\/wp\/v2\/pages\/569","targetHints":{"allow":["GET"]}}],"collection":[{"href":"https:\/\/beiradouro.pt\/vp\/wp-json\/wp\/v2\/pages"}],"about":[{"href":"https:\/\/beiradouro.pt\/vp\/wp-json\/wp\/v2\/types\/page"}],"author":[{"embeddable":true,"href":"https:\/\/beiradouro.pt\/vp\/wp-json\/wp\/v2\/users\/2"}],"replies":[{"embeddable":true,"href":"https:\/\/beiradouro.pt\/vp\/wp-json\/wp\/v2\/comments?post=569"}],"version-history":[{"count":4,"href":"https:\/\/beiradouro.pt\/vp\/wp-json\/wp\/v2\/pages\/569\/revisions"}],"predecessor-version":[{"id":594,"href":"https:\/\/beiradouro.pt\/vp\/wp-json\/wp\/v2\/pages\/569\/revisions\/594"}],"wp:attachment":[{"href":"https:\/\/beiradouro.pt\/vp\/wp-json\/wp\/v2\/media?parent=569"}],"curies":[{"name":"wp","href":"https:\/\/api.w.org\/{rel}","templated":true}]}}