{"id":496,"date":"2025-06-01T21:05:32","date_gmt":"2025-06-01T21:05:32","guid":{"rendered":"https:\/\/personal.pt\/vp\/?page_id=496"},"modified":"2025-06-11T02:07:35","modified_gmt":"2025-06-11T02:07:35","slug":"ligacoes-uteis","status":"publish","type":"page","link":"https:\/\/beiradouro.pt\/vp\/dlbc-2030\/ligacoes-uteis\/","title":{"rendered":"Liga\u00e7\u00f5es \u00fateis"},"content":{"rendered":"\t\t<div data-elementor-type=\"wp-page\" data-elementor-id=\"496\" class=\"elementor elementor-496\">\n\t\t\t\t<div class=\"aux-parallax-section elementor-element elementor-element-fdd8294 e-flex e-con-boxed e-con e-parent\" data-id=\"fdd8294\" data-element_type=\"container\" data-e-type=\"container\">\n\t\t\t\t\t<div class=\"e-con-inner\">\n\t\t<div class=\"elementor-element elementor-element-a9de37e e-con-full e-flex e-con e-child\" data-id=\"a9de37e\" data-element_type=\"container\" data-e-type=\"container\">\n\t\t\t\t<div class=\"elementor-element elementor-element-84ddddc aux-appear-watch-animation aux-fade-in-up-1 elementor-widget elementor-widget-aux_modern_heading\" data-id=\"84ddddc\" data-element_type=\"widget\" data-e-type=\"widget\" data-widget_type=\"aux_modern_heading.default\">\n\t\t\t\t<div class=\"elementor-widget-container\">\n\t\t\t\t\t<section class=\"aux-widget-modern-heading\">\n            <div class=\"aux-widget-inner\"><h2 class=\"aux-modern-heading-primary\"><\/h2><h3 class=\"aux-modern-heading-secondary\"><span class=\"aux-head-before\">Liga\u00e7\u00e3o para sites<\/span><\/h3><div class=\"aux-modern-heading-divider\"><\/div><\/div>\n        <\/section>\t\t\t\t<\/div>\n\t\t\t\t<\/div>\n\t\t\t\t<\/div>\n\t\t\t\t<div class=\"elementor-element elementor-element-7eb71e7 aux-appear-watch-animation aux-fade-in-up-1 elementor-widget elementor-widget-text-editor\" data-id=\"7eb71e7\" data-element_type=\"widget\" data-e-type=\"widget\" data-widget_type=\"text-editor.default\">\n\t\t\t\t<div class=\"elementor-widget-container\">\n\t\t\t\t\t\t\t\t\t<p><a href=\"http:\/\/www.pdr-2020.pt\/\" target=\"_blank\" rel=\"noopener\">http:\/\/www.pdr-2020.pt\/<\/a><\/p><p><a href=\"https:\/\/pepacc.pt\/\" target=\"_blank\" rel=\"noopener\">https:\/\/pepacc.pt\/<\/a><\/p><p><a href=\"https:\/\/fundosparaagricultura.pt\/login-autenticacao-govpt\" target=\"_blank\" rel=\"noopener\">https:\/\/fundosparaagricultura.pt\/login-autenticacao-govpt<\/a><\/p><p><a href=\"https:\/\/www.ifap.pt\/portal\/home\" target=\"_blank\" rel=\"noopener\">https:\/\/www.ifap.pt\/portal\/home<\/a><\/p><p><a href=\"https:\/\/balcaofundosue.pt\/Dashboard\/Dashboard\" target=\"_blank\" rel=\"noopener\">https:\/\/balcaofundosue.pt\/Dashboard\/Dashboard<\/a><\/p><p><a href=\"https:\/\/www.norte2030.pt\/\" target=\"_blank\" rel=\"noopener\">https:\/\/www.norte2030.pt\/<\/a><\/p><p><a href=\"https:\/\/portugal2030.pt\/\" target=\"_blank\" rel=\"noopener\">https:\/\/portugal2030.pt\/<\/a><\/p><p><a href=\"https:\/\/cimdouro.pt\/\" target=\"_blank\" rel=\"noopener\">https:\/\/cimdouro.pt\/<\/a><\/p>\t\t\t\t\t\t\t\t<\/div>\n\t\t\t\t<\/div>\n\t\t\t\t\t<\/div>\n\t\t\t\t<\/div>\n\t\t\t\t<\/div>\n\t\t","protected":false},"excerpt":{"rendered":"<p>Liga\u00e7\u00e3o para sites http:\/\/www.pdr-2020.pt\/ https:\/\/pepacc.pt\/ https:\/\/fundosparaagricultura.pt\/login-autenticacao-govpt https:\/\/www.ifap.pt\/portal\/home https:\/\/balcaofundosue.pt\/Dashboard\/Dashboard https:\/\/www.norte2030.pt\/ https:\/\/portugal2030.pt\/ https:\/\/cimdouro.pt\/<\/p>\n","protected":false},"author":2,"featured_media":0,"parent":478,"menu_order":0,"comment_status":"closed","ping_status":"closed","template":"","meta":{"footnotes":""},"class_list":["post-496","page","type-page","status-publish","hentry"],"_links":{"self":[{"href":"https:\/\/beiradouro.pt\/vp\/wp-json\/wp\/v2\/pages\/496","targetHints":{"allow":["GET"]}}],"collection":[{"href":"https:\/\/beiradouro.pt\/vp\/wp-json\/wp\/v2\/pages"}],"about":[{"href":"https:\/\/beiradouro.pt\/vp\/wp-json\/wp\/v2\/types\/page"}],"author":[{"embeddable":true,"href":"https:\/\/beiradouro.pt\/vp\/wp-json\/wp\/v2\/users\/2"}],"replies":[{"embeddable":true,"href":"https:\/\/beiradouro.pt\/vp\/wp-json\/wp\/v2\/comments?post=496"}],"version-history":[{"count":13,"href":"https:\/\/beiradouro.pt\/vp\/wp-json\/wp\/v2\/pages\/496\/revisions"}],"predecessor-version":[{"id":566,"href":"https:\/\/beiradouro.pt\/vp\/wp-json\/wp\/v2\/pages\/496\/revisions\/566"}],"up":[{"embeddable":true,"href":"https:\/\/beiradouro.pt\/vp\/wp-json\/wp\/v2\/pages\/478"}],"wp:attachment":[{"href":"https:\/\/beiradouro.pt\/vp\/wp-json\/wp\/v2\/media?parent=496"}],"curies":[{"name":"wp","href":"https:\/\/api.w.org\/{rel}","templated":true}]}}