{"id":490,"date":"2025-06-01T21:04:04","date_gmt":"2025-06-01T21:04:04","guid":{"rendered":"https:\/\/personal.pt\/vp\/?page_id=490"},"modified":"2025-11-12T22:47:00","modified_gmt":"2025-11-12T22:47:00","slug":"avisos-de-abertura","status":"publish","type":"page","link":"https:\/\/beiradouro.pt\/vp\/dlbc-2030\/avisos-de-abertura\/","title":{"rendered":"Avisos de Abertura"},"content":{"rendered":"\t\t<div data-elementor-type=\"wp-page\" data-elementor-id=\"490\" class=\"elementor elementor-490\">\n\t\t\t\t<div class=\"elementor-element elementor-element-3746e0d e-con-full e-flex e-con e-child\" data-id=\"3746e0d\" data-element_type=\"container\" data-e-type=\"container\">\n\t\t\t\t<div class=\"elementor-element elementor-element-4051139 aux-appear-watch-animation aux-fade-in-up-1 elementor-widget elementor-widget-aux_modern_heading\" data-id=\"4051139\" data-element_type=\"widget\" data-e-type=\"widget\" data-widget_type=\"aux_modern_heading.default\">\n\t\t\t\t<div class=\"elementor-widget-container\">\n\t\t\t\t\t<section class=\"aux-widget-modern-heading\">\n            <div class=\"aux-widget-inner\"><h2 class=\"aux-modern-heading-primary\">Aviso de abertura de candidaturas \u00e0 interven\u00e7\u00e3o D.1.1.1.1. - Pequenos investimentos da explora\u00e7\u00e3o agr\u00edcola \u2013 BEIRA DOURO<\/h2><h3 class=\"aux-modern-heading-secondary\"><span class=\"aux-head-before\">De 29 de setembro de 2025 a 14 de novembro de 2025<\/span><\/h3><div class=\"aux-modern-heading-divider\"><\/div><div class=\"aux-modern-heading-description\"><p>Data Limite: 14\/11\/2025 17:00<\/p><p><a href=\"https:\/\/beiradouro.pt\/vp\/wp-content\/uploads\/2025\/09\/Aviso_Beira_Douro_D.1.1.1.1_23_09_2025.pdf\"><u>Liga\u00e7\u00e3o para o Aviso<\/u><\/a><\/p><\/div><\/div>\n        <\/section>\t\t\t\t<\/div>\n\t\t\t\t<\/div>\n\t\t\t\t<div class=\"elementor-element elementor-element-1291b6c aux-appear-watch-animation aux-fade-in-up-1 elementor-widget elementor-widget-text-editor\" data-id=\"1291b6c\" data-element_type=\"widget\" data-e-type=\"widget\" data-widget_type=\"text-editor.default\">\n\t\t\t\t<div class=\"elementor-widget-container\">\n\t\t\t\t\t\t\t\t\t<p><strong>ORIENTA\u00c7\u00c3O T\u00c9CNICA AG PEPACC\/OT N.\u00ba 24\/D.1.1.1.1 \/2025<\/strong><\/p><p>D.1.1.1.1 \u2013 PEQUENOS INVESTIMENTOS NA EXPLORA\u00c7\u00c3O AGR\u00cdCOLA<\/p><p><strong>Objeto:<\/strong> Constitui objeto da presente Orienta\u00e7\u00e3o T\u00e9cnica (OT) a explicita\u00e7\u00e3o de informa\u00e7\u00f5es complementares relativas \u00e0 apresenta\u00e7\u00e3o de candidaturas no \u00e2mbito da tipologia D.1.1.1.1 \u00abPequenos Investimentos na Explora\u00e7\u00e3o Agr\u00edcola\u00bb, de acordo com o disposto no respetivo Regime de Aplica\u00e7\u00e3o, aprovado pela Portaria n.\u00ba 247\/2025\/1, de 30 de maio e no Decreto-Lei n.\u00ba 12\/2023, de 24 de fevereiro, que estabelece as normas gerais do Plano \u00a0Estrat\u00e9gico da Pol\u00edtica Agr\u00edcola Comum de Portugal.<\/p><p><a href=\"https:\/\/beiradouro.pt\/vp\/wp-content\/uploads\/2025\/09\/OT_24_D1111_2025_1.pdf\"><u>Liga\u00e7\u00e3o para a Orienta\u00e7\u00e3o T\u00e9cnica<\/u><\/a><\/p><p>\u00a0<\/p><p><strong>ANEXOS ORIENTA\u00c7\u00c3O T\u00c9CNICA AG PEPACC\/OT N.\u00ba 24\/D.1.1.1.1 \/2025<\/strong><\/p><p><strong>\u00a0<\/strong><a href=\"https:\/\/beiradouro.pt\/vp\/wp-content\/uploads\/2025\/09\/Anexo_OT_D.1.1.1.1.pdf\"><u>Liga\u00e7\u00e3o para o Anexo<\/u><\/a><\/p>\t\t\t\t\t\t\t\t<\/div>\n\t\t\t\t<\/div>\n\t\t\t\t<div class=\"elementor-element elementor-element-5c24241 elementor-widget-divider--view-line_icon elementor-view-default elementor-widget-divider--element-align-center elementor-widget elementor-widget-divider\" data-id=\"5c24241\" data-element_type=\"widget\" data-e-type=\"widget\" data-widget_type=\"divider.default\">\n\t\t\t\t<div class=\"elementor-widget-container\">\n\t\t\t\t\t\t\t<div class=\"elementor-divider\">\n\t\t\t<span class=\"elementor-divider-separator\">\n\t\t\t\t\t\t\t<div class=\"elementor-icon elementor-divider__element\">\n\t\t\t\t\t<i aria-hidden=\"true\" class=\"fas fa-square-full\"><\/i><\/div>\n\t\t\t\t\t\t<\/span>\n\t\t<\/div>\n\t\t\t\t\t\t<\/div>\n\t\t\t\t<\/div>\n\t\t\t\t<\/div>\n\t\t<div class=\"elementor-element elementor-element-07105ca e-con-full e-flex e-con e-child\" data-id=\"07105ca\" data-element_type=\"container\" data-e-type=\"container\">\n\t\t\t\t<div class=\"elementor-element elementor-element-6c00345 aux-appear-watch-animation aux-fade-in-up-1 elementor-widget elementor-widget-aux_modern_heading\" data-id=\"6c00345\" data-element_type=\"widget\" data-e-type=\"widget\" data-widget_type=\"aux_modern_heading.default\">\n\t\t\t\t<div class=\"elementor-widget-container\">\n\t\t\t\t\t<section class=\"aux-widget-modern-heading\">\n            <div class=\"aux-widget-inner\"><h2 class=\"aux-modern-heading-primary\">Sess\u00f5es Divulga\u00e7\u00e3o \u2013 Pequenos investimentos na explora\u00e7\u00e3o agr\u00edcola<\/h2><div class=\"aux-modern-heading-divider\"><\/div><\/div>\n        <\/section>\t\t\t\t<\/div>\n\t\t\t\t<\/div>\n\t\t\t\t<div class=\"elementor-element elementor-element-3ceceaa aux-appear-watch-animation aux-fade-in-up-1 elementor-widget elementor-widget-text-editor\" data-id=\"3ceceaa\" data-element_type=\"widget\" data-e-type=\"widget\" data-widget_type=\"text-editor.default\">\n\t\t\t\t<div class=\"elementor-widget-container\">\n\t\t\t\t\t\t\t\t\t<p>Foram promovidas as seguintes sess\u00f5es de Esclarecimento:<\/p><ul><li><strong>Lamego<\/strong> \u2013 dia 20 de outubro;<\/li><li><strong>Moimenta da Beira<\/strong> \u2013 dia 21 de outubro;<\/li><li><strong>Sernancelhe<\/strong> \u2013 dia 22 de outubro;<\/li><li><strong>Tarouca<\/strong> \u2013 dia 23 de outubro;<\/li><li><strong>S\u00e3o Jo\u00e3o da Pesqueira<\/strong> \u2013 dia 24 de outubro;<\/li><\/ul>\t\t\t\t\t\t\t\t<\/div>\n\t\t\t\t<\/div>\n\t\t\t\t<div class=\"elementor-element elementor-element-3f4a06b elementor-widget elementor-widget-image-gallery\" data-id=\"3f4a06b\" data-element_type=\"widget\" data-e-type=\"widget\" data-widget_type=\"image-gallery.default\">\n\t\t\t\t<div class=\"elementor-widget-container\">\n\t\t\t\t\t\t\t<div class=\"elementor-image-gallery\">\n\t\t\t<div id='gallery-1' class='gallery galleryid-490 gallery-columns-4 gallery-size-full'><figure class='gallery-item'>\n\t\t\t<div class='gallery-icon landscape'>\n\t\t\t\t<a data-elementor-open-lightbox=\"yes\" data-elementor-lightbox-slideshow=\"3f4a06b\" data-elementor-lightbox-title=\"Sess\u00e3o Divulga\u00e7\u00e3o 07\" data-e-action-hash=\"#elementor-action%3Aaction%3Dlightbox%26settings%3DeyJpZCI6MTE0NSwidXJsIjoiaHR0cHM6XC9cL2JlaXJhZG91cm8ucHRcL3ZwXC93cC1jb250ZW50XC91cGxvYWRzXC8yMDI1XC8xMVwvU2Vzc2FvLURpdnVsZ2FjYW8tMDcuanBnIiwic2xpZGVzaG93IjoiM2Y0YTA2YiJ9\" href='https:\/\/beiradouro.pt\/vp\/wp-content\/uploads\/2025\/11\/Sessao-Divulgacao-07.jpg'><img fetchpriority=\"high\" decoding=\"async\" width=\"2250\" height=\"1500\" src=\"https:\/\/beiradouro.pt\/vp\/wp-content\/uploads\/2025\/11\/Sessao-Divulgacao-07.jpg\" class=\"attachment-full size-full\" alt=\"\" srcset=\"https:\/\/beiradouro.pt\/vp\/wp-content\/uploads\/2025\/11\/Sessao-Divulgacao-07.jpg 2250w, https:\/\/beiradouro.pt\/vp\/wp-content\/uploads\/2025\/11\/Sessao-Divulgacao-07-1536x1024.jpg 1536w, https:\/\/beiradouro.pt\/vp\/wp-content\/uploads\/2025\/11\/Sessao-Divulgacao-07-2048x1365.jpg 2048w\" sizes=\"(max-width: 2250px) 100vw, 2250px\" \/><\/a>\n\t\t\t<\/div><\/figure><figure class='gallery-item'>\n\t\t\t<div class='gallery-icon landscape'>\n\t\t\t\t<a data-elementor-open-lightbox=\"yes\" data-elementor-lightbox-slideshow=\"3f4a06b\" data-elementor-lightbox-title=\"Sess\u00e3o Divulga\u00e7\u00e3o 06\" data-e-action-hash=\"#elementor-action%3Aaction%3Dlightbox%26settings%3DeyJpZCI6MTE0NCwidXJsIjoiaHR0cHM6XC9cL2JlaXJhZG91cm8ucHRcL3ZwXC93cC1jb250ZW50XC91cGxvYWRzXC8yMDI1XC8xMVwvU2Vzc2FvLURpdnVsZ2FjYW8tMDYuanBnIiwic2xpZGVzaG93IjoiM2Y0YTA2YiJ9\" href='https:\/\/beiradouro.pt\/vp\/wp-content\/uploads\/2025\/11\/Sessao-Divulgacao-06.jpg'><img decoding=\"async\" width=\"2250\" height=\"1500\" src=\"https:\/\/beiradouro.pt\/vp\/wp-content\/uploads\/2025\/11\/Sessao-Divulgacao-06.jpg\" class=\"attachment-full size-full\" alt=\"\" srcset=\"https:\/\/beiradouro.pt\/vp\/wp-content\/uploads\/2025\/11\/Sessao-Divulgacao-06.jpg 2250w, https:\/\/beiradouro.pt\/vp\/wp-content\/uploads\/2025\/11\/Sessao-Divulgacao-06-1536x1024.jpg 1536w, https:\/\/beiradouro.pt\/vp\/wp-content\/uploads\/2025\/11\/Sessao-Divulgacao-06-2048x1365.jpg 2048w\" sizes=\"(max-width: 2250px) 100vw, 2250px\" \/><\/a>\n\t\t\t<\/div><\/figure><figure class='gallery-item'>\n\t\t\t<div class='gallery-icon landscape'>\n\t\t\t\t<a data-elementor-open-lightbox=\"yes\" data-elementor-lightbox-slideshow=\"3f4a06b\" data-elementor-lightbox-title=\"Sess\u00e3o Divulga\u00e7\u00e3o 05\" data-e-action-hash=\"#elementor-action%3Aaction%3Dlightbox%26settings%3DeyJpZCI6MTE0MywidXJsIjoiaHR0cHM6XC9cL2JlaXJhZG91cm8ucHRcL3ZwXC93cC1jb250ZW50XC91cGxvYWRzXC8yMDI1XC8xMVwvU2Vzc2FvLURpdnVsZ2FjYW8tMDUuanBnIiwic2xpZGVzaG93IjoiM2Y0YTA2YiJ9\" href='https:\/\/beiradouro.pt\/vp\/wp-content\/uploads\/2025\/11\/Sessao-Divulgacao-05.jpg'><img decoding=\"async\" width=\"2208\" height=\"1472\" src=\"https:\/\/beiradouro.pt\/vp\/wp-content\/uploads\/2025\/11\/Sessao-Divulgacao-05.jpg\" class=\"attachment-full size-full\" alt=\"\" srcset=\"https:\/\/beiradouro.pt\/vp\/wp-content\/uploads\/2025\/11\/Sessao-Divulgacao-05.jpg 2208w, https:\/\/beiradouro.pt\/vp\/wp-content\/uploads\/2025\/11\/Sessao-Divulgacao-05-1536x1024.jpg 1536w, https:\/\/beiradouro.pt\/vp\/wp-content\/uploads\/2025\/11\/Sessao-Divulgacao-05-2048x1365.jpg 2048w\" sizes=\"(max-width: 2208px) 100vw, 2208px\" \/><\/a>\n\t\t\t<\/div><\/figure><figure class='gallery-item'>\n\t\t\t<div class='gallery-icon landscape'>\n\t\t\t\t<a data-elementor-open-lightbox=\"yes\" data-elementor-lightbox-slideshow=\"3f4a06b\" data-elementor-lightbox-title=\"Sess\u00e3o Divulga\u00e7\u00e3o 04\" data-e-action-hash=\"#elementor-action%3Aaction%3Dlightbox%26settings%3DeyJpZCI6MTE0MiwidXJsIjoiaHR0cHM6XC9cL2JlaXJhZG91cm8ucHRcL3ZwXC93cC1jb250ZW50XC91cGxvYWRzXC8yMDI1XC8xMVwvU2Vzc2FvLURpdnVsZ2FjYW8tMDQuanBnIiwic2xpZGVzaG93IjoiM2Y0YTA2YiJ9\" href='https:\/\/beiradouro.pt\/vp\/wp-content\/uploads\/2025\/11\/Sessao-Divulgacao-04.jpg'><img loading=\"lazy\" decoding=\"async\" width=\"2048\" height=\"1368\" src=\"https:\/\/beiradouro.pt\/vp\/wp-content\/uploads\/2025\/11\/Sessao-Divulgacao-04.jpg\" class=\"attachment-full size-full\" alt=\"\" srcset=\"https:\/\/beiradouro.pt\/vp\/wp-content\/uploads\/2025\/11\/Sessao-Divulgacao-04.jpg 2048w, https:\/\/beiradouro.pt\/vp\/wp-content\/uploads\/2025\/11\/Sessao-Divulgacao-04-1536x1026.jpg 1536w\" sizes=\"(max-width: 2048px) 100vw, 2048px\" \/><\/a>\n\t\t\t<\/div><\/figure><figure class='gallery-item'>\n\t\t\t<div class='gallery-icon landscape'>\n\t\t\t\t<a data-elementor-open-lightbox=\"yes\" data-elementor-lightbox-slideshow=\"3f4a06b\" data-elementor-lightbox-title=\"Sess\u00e3o Divulga\u00e7\u00e3o 03\" data-e-action-hash=\"#elementor-action%3Aaction%3Dlightbox%26settings%3DeyJpZCI6MTE0MSwidXJsIjoiaHR0cHM6XC9cL2JlaXJhZG91cm8ucHRcL3ZwXC93cC1jb250ZW50XC91cGxvYWRzXC8yMDI1XC8xMVwvU2Vzc2FvLURpdnVsZ2FjYW8tMDMuanBnIiwic2xpZGVzaG93IjoiM2Y0YTA2YiJ9\" href='https:\/\/beiradouro.pt\/vp\/wp-content\/uploads\/2025\/11\/Sessao-Divulgacao-03.jpg'><img loading=\"lazy\" decoding=\"async\" width=\"2048\" height=\"1365\" src=\"https:\/\/beiradouro.pt\/vp\/wp-content\/uploads\/2025\/11\/Sessao-Divulgacao-03.jpg\" class=\"attachment-full size-full\" alt=\"\" srcset=\"https:\/\/beiradouro.pt\/vp\/wp-content\/uploads\/2025\/11\/Sessao-Divulgacao-03.jpg 2048w, https:\/\/beiradouro.pt\/vp\/wp-content\/uploads\/2025\/11\/Sessao-Divulgacao-03-1536x1024.jpg 1536w\" sizes=\"(max-width: 2048px) 100vw, 2048px\" \/><\/a>\n\t\t\t<\/div><\/figure><figure class='gallery-item'>\n\t\t\t<div class='gallery-icon landscape'>\n\t\t\t\t<a data-elementor-open-lightbox=\"yes\" data-elementor-lightbox-slideshow=\"3f4a06b\" data-elementor-lightbox-title=\"Sess\u00e3o Divulga\u00e7\u00e3o 02\" data-e-action-hash=\"#elementor-action%3Aaction%3Dlightbox%26settings%3DeyJpZCI6MTE0MCwidXJsIjoiaHR0cHM6XC9cL2JlaXJhZG91cm8ucHRcL3ZwXC93cC1jb250ZW50XC91cGxvYWRzXC8yMDI1XC8xMVwvU2Vzc2FvLURpdnVsZ2FjYW8tMDIuanBnIiwic2xpZGVzaG93IjoiM2Y0YTA2YiJ9\" href='https:\/\/beiradouro.pt\/vp\/wp-content\/uploads\/2025\/11\/Sessao-Divulgacao-02.jpg'><img loading=\"lazy\" decoding=\"async\" width=\"2048\" height=\"1365\" src=\"https:\/\/beiradouro.pt\/vp\/wp-content\/uploads\/2025\/11\/Sessao-Divulgacao-02.jpg\" class=\"attachment-full size-full\" alt=\"\" srcset=\"https:\/\/beiradouro.pt\/vp\/wp-content\/uploads\/2025\/11\/Sessao-Divulgacao-02.jpg 2048w, https:\/\/beiradouro.pt\/vp\/wp-content\/uploads\/2025\/11\/Sessao-Divulgacao-02-1536x1024.jpg 1536w\" sizes=\"(max-width: 2048px) 100vw, 2048px\" \/><\/a>\n\t\t\t<\/div><\/figure><figure class='gallery-item'>\n\t\t\t<div class='gallery-icon landscape'>\n\t\t\t\t<a data-elementor-open-lightbox=\"yes\" data-elementor-lightbox-slideshow=\"3f4a06b\" data-elementor-lightbox-title=\"Sess\u00e3o Divulga\u00e7\u00e3o 01\" data-e-action-hash=\"#elementor-action%3Aaction%3Dlightbox%26settings%3DeyJpZCI6MTEzOSwidXJsIjoiaHR0cHM6XC9cL2JlaXJhZG91cm8ucHRcL3ZwXC93cC1jb250ZW50XC91cGxvYWRzXC8yMDI1XC8xMVwvU2Vzc2FvLURpdnVsZ2FjYW8tMDEuanBnIiwic2xpZGVzaG93IjoiM2Y0YTA2YiJ9\" href='https:\/\/beiradouro.pt\/vp\/wp-content\/uploads\/2025\/11\/Sessao-Divulgacao-01.jpg'><img loading=\"lazy\" decoding=\"async\" width=\"2048\" height=\"1153\" src=\"https:\/\/beiradouro.pt\/vp\/wp-content\/uploads\/2025\/11\/Sessao-Divulgacao-01.jpg\" class=\"attachment-full size-full\" alt=\"\" srcset=\"https:\/\/beiradouro.pt\/vp\/wp-content\/uploads\/2025\/11\/Sessao-Divulgacao-01.jpg 2048w, https:\/\/beiradouro.pt\/vp\/wp-content\/uploads\/2025\/11\/Sessao-Divulgacao-01-1536x865.jpg 1536w\" sizes=\"(max-width: 2048px) 100vw, 2048px\" \/><\/a>\n\t\t\t<\/div><\/figure><figure class='gallery-item'>\n\t\t\t<div class='gallery-icon landscape'>\n\t\t\t\t<a data-elementor-open-lightbox=\"yes\" data-elementor-lightbox-slideshow=\"3f4a06b\" data-elementor-lightbox-title=\"Sess\u00e3o Divulga\u00e7\u00e3o 08\" data-e-action-hash=\"#elementor-action%3Aaction%3Dlightbox%26settings%3DeyJpZCI6MTEzOCwidXJsIjoiaHR0cHM6XC9cL2JlaXJhZG91cm8ucHRcL3ZwXC93cC1jb250ZW50XC91cGxvYWRzXC8yMDI1XC8xMVwvU2Vzc2FvLURpdnVsZ2FjYW8tMDguanBnIiwic2xpZGVzaG93IjoiM2Y0YTA2YiJ9\" href='https:\/\/beiradouro.pt\/vp\/wp-content\/uploads\/2025\/11\/Sessao-Divulgacao-08.jpg'><img loading=\"lazy\" decoding=\"async\" width=\"2192\" height=\"1461\" src=\"https:\/\/beiradouro.pt\/vp\/wp-content\/uploads\/2025\/11\/Sessao-Divulgacao-08.jpg\" class=\"attachment-full size-full\" alt=\"\" srcset=\"https:\/\/beiradouro.pt\/vp\/wp-content\/uploads\/2025\/11\/Sessao-Divulgacao-08.jpg 2192w, https:\/\/beiradouro.pt\/vp\/wp-content\/uploads\/2025\/11\/Sessao-Divulgacao-08-1536x1024.jpg 1536w, https:\/\/beiradouro.pt\/vp\/wp-content\/uploads\/2025\/11\/Sessao-Divulgacao-08-2048x1365.jpg 2048w\" sizes=\"(max-width: 2192px) 100vw, 2192px\" \/><\/a>\n\t\t\t<\/div><\/figure>\n\t\t<\/div>\n\t\t<\/div>\n\t\t\t\t\t\t<\/div>\n\t\t\t\t<\/div>\n\t\t\t\t<div class=\"elementor-element elementor-element-cc07113 elementor-widget-divider--view-line_icon elementor-view-default elementor-widget-divider--element-align-center elementor-widget elementor-widget-divider\" data-id=\"cc07113\" data-element_type=\"widget\" data-e-type=\"widget\" data-widget_type=\"divider.default\">\n\t\t\t\t<div class=\"elementor-widget-container\">\n\t\t\t\t\t\t\t<div class=\"elementor-divider\">\n\t\t\t<span class=\"elementor-divider-separator\">\n\t\t\t\t\t\t\t<div class=\"elementor-icon elementor-divider__element\">\n\t\t\t\t\t<i aria-hidden=\"true\" class=\"fas fa-square-full\"><\/i><\/div>\n\t\t\t\t\t\t<\/span>\n\t\t<\/div>\n\t\t\t\t\t\t<\/div>\n\t\t\t\t<\/div>\n\t\t\t\t<\/div>\n\t\t\t\t<\/div>\n\t\t","protected":false},"excerpt":{"rendered":"<p>Aviso de abertura de candidaturas \u00e0 interven\u00e7\u00e3o D.1.1.1.1. &#8211; Pequenos investimentos da explora\u00e7\u00e3o agr\u00edcola \u2013 BEIRA DOURO De 29 de setembro de 2025 a 14 de novembro de 2025 Data Limite: 14\/11\/2025 17:00 Liga\u00e7\u00e3o para o Aviso ORIENTA\u00c7\u00c3O T\u00c9CNICA AG PEPACC\/OT N.\u00ba 24\/D.1.1.1.1 \/2025 D.1.1.1.1 \u2013 PEQUENOS INVESTIMENTOS NA EXPLORA\u00c7\u00c3O AGR\u00cdCOLA Objeto: Constitui objeto da [&hellip;]<\/p>\n","protected":false},"author":2,"featured_media":0,"parent":478,"menu_order":0,"comment_status":"closed","ping_status":"closed","template":"","meta":{"footnotes":""},"class_list":["post-490","page","type-page","status-publish","hentry"],"_links":{"self":[{"href":"https:\/\/beiradouro.pt\/vp\/wp-json\/wp\/v2\/pages\/490","targetHints":{"allow":["GET"]}}],"collection":[{"href":"https:\/\/beiradouro.pt\/vp\/wp-json\/wp\/v2\/pages"}],"about":[{"href":"https:\/\/beiradouro.pt\/vp\/wp-json\/wp\/v2\/types\/page"}],"author":[{"embeddable":true,"href":"https:\/\/beiradouro.pt\/vp\/wp-json\/wp\/v2\/users\/2"}],"replies":[{"embeddable":true,"href":"https:\/\/beiradouro.pt\/vp\/wp-json\/wp\/v2\/comments?post=490"}],"version-history":[{"count":31,"href":"https:\/\/beiradouro.pt\/vp\/wp-json\/wp\/v2\/pages\/490\/revisions"}],"predecessor-version":[{"id":1203,"href":"https:\/\/beiradouro.pt\/vp\/wp-json\/wp\/v2\/pages\/490\/revisions\/1203"}],"up":[{"embeddable":true,"href":"https:\/\/beiradouro.pt\/vp\/wp-json\/wp\/v2\/pages\/478"}],"wp:attachment":[{"href":"https:\/\/beiradouro.pt\/vp\/wp-json\/wp\/v2\/media?parent=490"}],"curies":[{"name":"wp","href":"https:\/\/api.w.org\/{rel}","templated":true}]}}