{"id":480,"date":"2025-06-01T21:01:44","date_gmt":"2025-06-01T21:01:44","guid":{"rendered":"https:\/\/personal.pt\/vp\/?page_id=480"},"modified":"2025-06-13T10:51:56","modified_gmt":"2025-06-13T10:51:56","slug":"estrategia-2030","status":"publish","type":"page","link":"https:\/\/beiradouro.pt\/vp\/dlbc-2030\/estrategia-2030\/","title":{"rendered":"Estrat\u00e9gia 2030"},"content":{"rendered":"\t\t<div data-elementor-type=\"wp-page\" data-elementor-id=\"480\" class=\"elementor elementor-480\">\n\t\t\t\t<div class=\"aux-parallax-section elementor-element elementor-element-fdd8294 e-flex e-con-boxed e-con e-parent\" data-id=\"fdd8294\" data-element_type=\"container\" data-e-type=\"container\">\n\t\t\t\t\t<div class=\"e-con-inner\">\n\t\t<div class=\"elementor-element elementor-element-a9de37e e-con-full e-flex e-con e-child\" data-id=\"a9de37e\" data-element_type=\"container\" data-e-type=\"container\">\n\t\t\t\t<div class=\"elementor-element elementor-element-84ddddc aux-appear-watch-animation aux-fade-in-up-1 elementor-widget elementor-widget-aux_modern_heading\" data-id=\"84ddddc\" data-element_type=\"widget\" data-e-type=\"widget\" data-widget_type=\"aux_modern_heading.default\">\n\t\t\t\t<div class=\"elementor-widget-container\">\n\t\t\t\t\t<section class=\"aux-widget-modern-heading\">\n            <div class=\"aux-widget-inner\"><h2 class=\"aux-modern-heading-primary\"><\/h2><h3 class=\"aux-modern-heading-secondary\"><span class=\"aux-head-before\">DLBC 2030<\/span><\/h3><div class=\"aux-modern-heading-divider\"><\/div><\/div>\n        <\/section>\t\t\t\t<\/div>\n\t\t\t\t<\/div>\n\t\t\t\t<\/div>\n\t\t\t\t<div class=\"elementor-element elementor-element-7eb71e7 aux-appear-watch-animation aux-fade-in-up-1 elementor-widget elementor-widget-text-editor\" data-id=\"7eb71e7\" data-element_type=\"widget\" data-e-type=\"widget\" data-widget_type=\"text-editor.default\">\n\t\t\t\t<div class=\"elementor-widget-container\">\n\t\t\t\t\t\t\t\t\t<p>A <strong>Estrat\u00e9gia de Desenvolvimento Local<\/strong> consiste numa estrat\u00e9gia abrangente para todo o territ\u00f3rio, tendo por base uma an\u00e1lise SWOT realizada ao territ\u00f3rio de interven\u00e7\u00e3o, cobrindo todas as \u00e1reas, procurando detetar as maiores oportunidades a potenciar, ou fragilidades a serem corrigidas, independentemente de serem da esfera da atua\u00e7\u00e3o do DLBC.<\/p><p>Deste modo, o diagn\u00f3stico prospetivo realizado permitiu posicionar o territ\u00f3rio de interven\u00e7\u00e3o nas din\u00e2micas de \u00e2mbito regional, nacional e internacional, sinalizando um conjunto de \u00e1reas chave para as quais a parceria GAL Beira Douro deve procurar orientar as suas apostas e prioridades estrat\u00e9gicas.<\/p><p>O processo de envolvimento da comunidade foi essencial para o enriquecimento do quadro territorial de refer\u00eancia, aportando dimens\u00f5es de conhecimento t\u00e9cnico e experiencial dos atores, fundamental para a valida\u00e7\u00e3o dos desafios territoriais a que a parceria pretende dar resposta, bem como para a defini\u00e7\u00e3o dos enfoques tem\u00e1ticos que ir\u00e3o enquadrar as a\u00e7\u00f5es da pr\u00f3xima DLBC.<\/p>\t\t\t\t\t\t\t\t<\/div>\n\t\t\t\t<\/div>\n\t\t\t\t\t<\/div>\n\t\t\t\t<\/div>\n\t\t<div class=\"aux-parallax-section elementor-element elementor-element-d091493 e-flex e-con-boxed e-con e-parent\" data-id=\"d091493\" data-element_type=\"container\" data-e-type=\"container\">\n\t\t\t\t\t<div class=\"e-con-inner\">\n\t\t\t\t<div class=\"elementor-element elementor-element-45676d5 aux-appear-watch-animation aux-fade-in-up-1 elementor-widget elementor-widget-aux_modern_heading\" data-id=\"45676d5\" data-element_type=\"widget\" data-e-type=\"widget\" data-widget_type=\"aux_modern_heading.default\">\n\t\t\t\t<div class=\"elementor-widget-container\">\n\t\t\t\t\t<section class=\"aux-widget-modern-heading\">\n            <div class=\"aux-widget-inner\"><h2 class=\"aux-modern-heading-primary\">Matriz Estrat\u00e9gica<\/h2><div class=\"aux-modern-heading-divider\"><\/div><\/div>\n        <\/section>\t\t\t\t<\/div>\n\t\t\t\t<\/div>\n\t\t\t\t<div class=\"elementor-element elementor-element-b684765 aux-appear-watch-animation aux-scale-up-1 elementor-widget elementor-widget-aux_image\" data-id=\"b684765\" data-element_type=\"widget\" data-e-type=\"widget\" data-widget_type=\"aux_image.default\">\n\t\t\t\t<div class=\"elementor-widget-container\">\n\t\t\t\t\t<section class=\"widget-container aux-widget-image aux-alignnone aux-parent-auc39fb853\">\n    <div class=\"aux-media-hint-frame \">\n        <div class=\"aux-media-image \" >\n        \n            \n\n            \n            <img fetchpriority=\"high\" decoding=\"async\" width=\"2086\" height=\"1174\" src=\"data:image\/gif;base64,R0lGODlhAQABAIAAAAAAAP\/\/\/yH5BAEAAAAALAAAAAABAAEAAAIBRAA7\" class=\"aux-attachment aux-featured-image aux-attachment-id-516 aux-preload aux-blank\" alt=\"DLBC2030_MatrizEstrategica\" data-ratio=\"1.78\" data-original-w=\"2086\" data-src=\"https:\/\/beiradouro.pt\/vp\/wp-content\/uploads\/2025\/06\/DLBC2030_MatrizEstrategica.jpg\" \/>            \n                <\/div>\n    <\/div>\n\n<\/section><!-- widget-container -->\t\t\t\t<\/div>\n\t\t\t\t<\/div>\n\t\t\t\t\t<\/div>\n\t\t\t\t<\/div>\n\t\t<div class=\"aux-parallax-section elementor-element elementor-element-981a976 e-flex e-con-boxed e-con e-parent\" data-id=\"981a976\" data-element_type=\"container\" data-e-type=\"container\">\n\t\t\t\t\t<div class=\"e-con-inner\">\n\t\t\t\t<div class=\"elementor-element elementor-element-e4b3d03 aux-appear-watch-animation aux-fade-in-up-1 elementor-widget elementor-widget-aux_modern_heading\" data-id=\"e4b3d03\" data-element_type=\"widget\" data-e-type=\"widget\" data-widget_type=\"aux_modern_heading.default\">\n\t\t\t\t<div class=\"elementor-widget-container\">\n\t\t\t\t\t<section class=\"aux-widget-modern-heading\">\n            <div class=\"aux-widget-inner\"><h2 class=\"aux-modern-heading-primary\">Objetivos da EDL e Resultados Esperados<\/h2><div class=\"aux-modern-heading-divider\"><\/div><\/div>\n        <\/section>\t\t\t\t<\/div>\n\t\t\t\t<\/div>\n\t\t\t\t<div class=\"elementor-element elementor-element-ad5ce3a aux-appear-watch-animation aux-scale-up-1 elementor-widget elementor-widget-aux_image\" data-id=\"ad5ce3a\" data-element_type=\"widget\" data-e-type=\"widget\" data-widget_type=\"aux_image.default\">\n\t\t\t\t<div class=\"elementor-widget-container\">\n\t\t\t\t\t<section class=\"widget-container aux-widget-image aux-alignnone aux-parent-au9dd9aa15\">\n    <div class=\"aux-media-hint-frame \">\n        <div class=\"aux-media-image \" >\n        \n            \n\n            \n            <img decoding=\"async\" width=\"2140\" height=\"1203\" src=\"data:image\/gif;base64,R0lGODlhAQABAIAAAAAAAP\/\/\/yH5BAEAAAAALAAAAAABAAEAAAIBRAA7\" class=\"aux-attachment aux-featured-image aux-attachment-id-517 aux-preload aux-blank\" alt=\"DLBC2030_Objetivos1\" data-ratio=\"1.78\" data-original-w=\"2140\" data-src=\"https:\/\/beiradouro.pt\/vp\/wp-content\/uploads\/2025\/06\/DLBC2030_Objetivos1.jpg\" \/>            \n                <\/div>\n    <\/div>\n\n<\/section><!-- widget-container -->\t\t\t\t<\/div>\n\t\t\t\t<\/div>\n\t\t\t\t\t<\/div>\n\t\t\t\t<\/div>\n\t\t<div class=\"aux-parallax-section elementor-element elementor-element-15a84dc e-flex e-con-boxed e-con e-parent\" data-id=\"15a84dc\" data-element_type=\"container\" data-e-type=\"container\">\n\t\t\t\t\t<div class=\"e-con-inner\">\n\t\t\t\t<div class=\"elementor-element elementor-element-5e2bbe8 aux-appear-watch-animation aux-scale-up-1 elementor-widget elementor-widget-aux_image\" data-id=\"5e2bbe8\" data-element_type=\"widget\" data-e-type=\"widget\" data-widget_type=\"aux_image.default\">\n\t\t\t\t<div class=\"elementor-widget-container\">\n\t\t\t\t\t<section class=\"widget-container aux-widget-image aux-alignnone aux-parent-au8d01a25b\">\n    <div class=\"aux-media-hint-frame \">\n        <div class=\"aux-media-image \" >\n        \n            \n\n            \n            <img decoding=\"async\" width=\"2140\" height=\"1203\" src=\"data:image\/gif;base64,R0lGODlhAQABAIAAAAAAAP\/\/\/yH5BAEAAAAALAAAAAABAAEAAAIBRAA7\" class=\"aux-attachment aux-featured-image aux-attachment-id-518 aux-preload aux-blank\" alt=\"DLBC2030_Objetivos2\" data-ratio=\"1.78\" data-original-w=\"2140\" data-src=\"https:\/\/beiradouro.pt\/vp\/wp-content\/uploads\/2025\/06\/DLBC2030_Objetivos2.jpg\" \/>            \n                <\/div>\n    <\/div>\n\n<\/section><!-- widget-container -->\t\t\t\t<\/div>\n\t\t\t\t<\/div>\n\t\t\t\t\t<\/div>\n\t\t\t\t<\/div>\n\t\t<div class=\"aux-parallax-section elementor-element elementor-element-dc74435 e-flex e-con-boxed e-con e-parent\" data-id=\"dc74435\" data-element_type=\"container\" data-e-type=\"container\">\n\t\t\t\t\t<div class=\"e-con-inner\">\n\t\t\t\t<div class=\"elementor-element elementor-element-b4fc4bf aux-appear-watch-animation aux-scale-up-1 elementor-widget elementor-widget-aux_image\" data-id=\"b4fc4bf\" data-element_type=\"widget\" data-e-type=\"widget\" data-widget_type=\"aux_image.default\">\n\t\t\t\t<div class=\"elementor-widget-container\">\n\t\t\t\t\t<section class=\"widget-container aux-widget-image aux-alignnone aux-parent-au8d93d281\">\n    <div class=\"aux-media-hint-frame \">\n        <div class=\"aux-media-image \" >\n        \n            \n\n            \n            <img loading=\"lazy\" decoding=\"async\" width=\"2140\" height=\"1203\" src=\"data:image\/gif;base64,R0lGODlhAQABAIAAAAAAAP\/\/\/yH5BAEAAAAALAAAAAABAAEAAAIBRAA7\" class=\"aux-attachment aux-featured-image aux-attachment-id-519 aux-preload aux-blank\" alt=\"DLBC2030_Objetivos3\" data-ratio=\"1.78\" data-original-w=\"2140\" data-src=\"https:\/\/beiradouro.pt\/vp\/wp-content\/uploads\/2025\/06\/DLBC2030_Objetivos3.jpg\" \/>            \n                <\/div>\n    <\/div>\n\n<\/section><!-- widget-container -->\t\t\t\t<\/div>\n\t\t\t\t<\/div>\n\t\t\t\t\t<\/div>\n\t\t\t\t<\/div>\n\t\t<div class=\"aux-parallax-section elementor-element elementor-element-c6bd91f e-flex e-con-boxed e-con e-parent\" data-id=\"c6bd91f\" data-element_type=\"container\" data-e-type=\"container\">\n\t\t\t\t\t<div class=\"e-con-inner\">\n\t\t\t\t<div class=\"elementor-element elementor-element-a290913 aux-appear-watch-animation aux-scale-up-1 elementor-widget elementor-widget-aux_image\" data-id=\"a290913\" data-element_type=\"widget\" data-e-type=\"widget\" data-widget_type=\"aux_image.default\">\n\t\t\t\t<div class=\"elementor-widget-container\">\n\t\t\t\t\t<section class=\"widget-container aux-widget-image aux-alignnone aux-parent-au66d5615e\">\n    <div class=\"aux-media-hint-frame \">\n        <div class=\"aux-media-image \" >\n        \n            \n\n            \n            <img loading=\"lazy\" decoding=\"async\" width=\"2140\" height=\"1203\" src=\"data:image\/gif;base64,R0lGODlhAQABAIAAAAAAAP\/\/\/yH5BAEAAAAALAAAAAABAAEAAAIBRAA7\" class=\"aux-attachment aux-featured-image aux-attachment-id-520 aux-preload aux-blank\" alt=\"DLBC2030_Objetivos4\" data-ratio=\"1.78\" data-original-w=\"2140\" data-src=\"https:\/\/beiradouro.pt\/vp\/wp-content\/uploads\/2025\/06\/DLBC2030_Objetivos4.jpg\" \/>            \n                <\/div>\n    <\/div>\n\n<\/section><!-- widget-container -->\t\t\t\t<\/div>\n\t\t\t\t<\/div>\n\t\t\t\t\t<\/div>\n\t\t\t\t<\/div>\n\t\t\t\t<\/div>\n\t\t","protected":false},"excerpt":{"rendered":"<p>DLBC 2030 A Estrat\u00e9gia de Desenvolvimento Local consiste numa estrat\u00e9gia abrangente para todo o territ\u00f3rio, tendo por base uma an\u00e1lise SWOT realizada ao territ\u00f3rio de interven\u00e7\u00e3o, cobrindo todas as \u00e1reas, procurando detetar as maiores oportunidades a potenciar, ou fragilidades a serem corrigidas, independentemente de serem da esfera da atua\u00e7\u00e3o do DLBC. Deste modo, o diagn\u00f3stico [&hellip;]<\/p>\n","protected":false},"author":2,"featured_media":0,"parent":478,"menu_order":0,"comment_status":"closed","ping_status":"closed","template":"","meta":{"footnotes":""},"class_list":["post-480","page","type-page","status-publish","hentry"],"_links":{"self":[{"href":"https:\/\/beiradouro.pt\/vp\/wp-json\/wp\/v2\/pages\/480","targetHints":{"allow":["GET"]}}],"collection":[{"href":"https:\/\/beiradouro.pt\/vp\/wp-json\/wp\/v2\/pages"}],"about":[{"href":"https:\/\/beiradouro.pt\/vp\/wp-json\/wp\/v2\/types\/page"}],"author":[{"embeddable":true,"href":"https:\/\/beiradouro.pt\/vp\/wp-json\/wp\/v2\/users\/2"}],"replies":[{"embeddable":true,"href":"https:\/\/beiradouro.pt\/vp\/wp-json\/wp\/v2\/comments?post=480"}],"version-history":[{"count":11,"href":"https:\/\/beiradouro.pt\/vp\/wp-json\/wp\/v2\/pages\/480\/revisions"}],"predecessor-version":[{"id":1147,"href":"https:\/\/beiradouro.pt\/vp\/wp-json\/wp\/v2\/pages\/480\/revisions\/1147"}],"up":[{"embeddable":true,"href":"https:\/\/beiradouro.pt\/vp\/wp-json\/wp\/v2\/pages\/478"}],"wp:attachment":[{"href":"https:\/\/beiradouro.pt\/vp\/wp-json\/wp\/v2\/media?parent=480"}],"curies":[{"name":"wp","href":"https:\/\/api.w.org\/{rel}","templated":true}]}}