{"id":478,"date":"2025-06-01T20:59:05","date_gmt":"2025-06-01T20:59:05","guid":{"rendered":"https:\/\/personal.pt\/vp\/?page_id=478"},"modified":"2025-06-11T02:07:35","modified_gmt":"2025-06-11T02:07:35","slug":"dlbc-2030","status":"publish","type":"page","link":"https:\/\/beiradouro.pt\/vp\/dlbc-2030\/","title":{"rendered":"DLBC 2030"},"content":{"rendered":"\t\t<div data-elementor-type=\"wp-page\" data-elementor-id=\"478\" class=\"elementor elementor-478\">\n\t\t\t\t<div class=\"aux-parallax-section elementor-element elementor-element-4c5fd72 e-flex e-con-boxed e-con e-parent\" data-id=\"4c5fd72\" data-element_type=\"container\" data-e-type=\"container\">\n\t\t\t\t\t<div class=\"e-con-inner\">\n\t\t\t\t<div class=\"elementor-element elementor-element-f21754d elementor-widget elementor-widget-aux_menu_box\" data-id=\"f21754d\" data-element_type=\"widget\" data-e-type=\"widget\" data-widget_type=\"aux_menu_box.default\">\n\t\t\t\t<div class=\"elementor-widget-container\">\n\t\t\t\t\t<div class=\"aux-elementor-header-menu aux-nav-menu-element aux-nav-menu-element-f21754d\"><div class=\"aux-burger-box\" data-target-panel=\"toggle-bar\" data-target-content=\".elementor-element-f21754d .aux-master-menu\"><div class=\"aux-burger aux-lite-small\"><span class=\"mid-line\"><\/span><\/div><\/div><!-- start master menu -->\n<nav id=\"master-menu-elementor-f21754d\" class=\"menu-dlbc2030-menu-container\">\n\n\t<ul id=\"menu-dlbc2030-menu\" class=\"aux-master-menu aux-no-js aux-skin-classic aux-with-indicator aux-with-splitter aux-horizontal\" data-type=\"horizontal\"  data-switch-type=\"toggle\" data-switch-parent=\".elementor-element-f21754d .aux-toggle-menu-bar\" data-switch-width=\"768\"  >\n\t\t<!-- start single menu -->\n\t\t<li id=\"menu-item-511\" class=\"menu-item menu-item-type-post_type menu-item-object-page menu-item-511 aux-menu-depth-0 aux-menu-root-1 aux-menu-item\">\n\t\t\t<a href=\"https:\/\/beiradouro.pt\/vp\/dlbc-2030\/estrategia-2030\/\" class=\"aux-item-content\">\n\t\t\t\t<span class=\"aux-menu-label\">Estrat\u00e9gia 2030<\/span>\n\t\t\t<\/a>\n\t\t<\/li>\n\t\t<!-- end single menu -->\n\t\t<!-- start single menu -->\n\t\t<li id=\"menu-item-510\" class=\"menu-item menu-item-type-post_type menu-item-object-page menu-item-510 aux-menu-depth-0 aux-menu-root-2 aux-menu-item\">\n\t\t\t<a href=\"https:\/\/beiradouro.pt\/vp\/dlbc-2030\/regulamentacao\/\" class=\"aux-item-content\">\n\t\t\t\t<span class=\"aux-menu-label\">Regulamenta\u00e7\u00e3o<\/span>\n\t\t\t<\/a>\n\t\t<\/li>\n\t\t<!-- end single menu -->\n\t\t<!-- start single menu -->\n\t\t<li id=\"menu-item-508\" class=\"menu-item menu-item-type-post_type menu-item-object-page menu-item-508 aux-menu-depth-0 aux-menu-root-3 aux-menu-item\">\n\t\t\t<a href=\"https:\/\/beiradouro.pt\/vp\/dlbc-2030\/avisos-de-abertura\/\" class=\"aux-item-content\">\n\t\t\t\t<span class=\"aux-menu-label\">Avisos de Abertura<\/span>\n\t\t\t<\/a>\n\t\t<\/li>\n\t\t<!-- end single menu -->\n\t\t<!-- start single menu -->\n\t\t<li id=\"menu-item-509\" class=\"menu-item menu-item-type-post_type menu-item-object-page menu-item-509 aux-menu-depth-0 aux-menu-root-4 aux-menu-item\">\n\t\t\t<a href=\"https:\/\/beiradouro.pt\/vp\/dlbc-2030\/procedimentos\/\" class=\"aux-item-content\">\n\t\t\t\t<span class=\"aux-menu-label\">Procedimentos<\/span>\n\t\t\t<\/a>\n\t\t<\/li>\n\t\t<!-- end single menu -->\n\t\t<!-- start single menu -->\n\t\t<li id=\"menu-item-507\" class=\"menu-item menu-item-type-post_type menu-item-object-page menu-item-507 aux-menu-depth-0 aux-menu-root-5 aux-menu-item\">\n\t\t\t<a href=\"https:\/\/beiradouro.pt\/vp\/dlbc-2030\/regras-de-comunicacao\/\" class=\"aux-item-content\">\n\t\t\t\t<span class=\"aux-menu-label\">Regras de Comunica\u00e7\u00e3o<\/span>\n\t\t\t<\/a>\n\t\t<\/li>\n\t\t<!-- end single menu -->\n\t\t<!-- start single menu -->\n\t\t<li id=\"menu-item-757\" class=\"menu-item menu-item-type-post_type menu-item-object-page menu-item-757 aux-menu-depth-0 aux-menu-root-6 aux-menu-item\">\n\t\t\t<a href=\"https:\/\/beiradouro.pt\/vp\/dlbc-2030\/fichas-de-projetos-2030\/\" class=\"aux-item-content\">\n\t\t\t\t<span class=\"aux-menu-label\">Fichas de Projetos<\/span>\n\t\t\t<\/a>\n\t\t<\/li>\n\t\t<!-- end single menu -->\n\t\t<!-- start single menu -->\n\t\t<li id=\"menu-item-506\" class=\"menu-item menu-item-type-post_type menu-item-object-page menu-item-506 aux-menu-depth-0 aux-menu-root-7 aux-menu-item\">\n\t\t\t<a href=\"https:\/\/beiradouro.pt\/vp\/dlbc-2030\/ligacoes-uteis\/\" class=\"aux-item-content\">\n\t\t\t\t<span class=\"aux-menu-label\">Liga\u00e7\u00f5es \u00fateis<\/span>\n\t\t\t<\/a>\n\t\t<\/li>\n\t\t<!-- end single menu -->\n\t<\/ul>\n\n<\/nav>\n<!-- end master menu -->\n<div class=\"aux-toggle-menu-bar\"><\/div><\/div><style>@media only screen and (min-width: 769px) { .elementor-element-f21754d .aux-burger-box { display: none } }<\/style>\t\t\t\t<\/div>\n\t\t\t\t<\/div>\n\t\t\t\t\t<\/div>\n\t\t\t\t<\/div>\n\t\t\t\t<\/div>\n\t\t","protected":false},"excerpt":{"rendered":"<p>Estrat\u00e9gia 2030 Regulamenta\u00e7\u00e3o Avisos de Abertura Procedimentos Regras de Publicidade Liga\u00e7\u00f5es \u00fateis<\/p>\n","protected":false},"author":2,"featured_media":0,"parent":0,"menu_order":0,"comment_status":"closed","ping_status":"closed","template":"","meta":{"footnotes":""},"class_list":["post-478","page","type-page","status-publish","hentry"],"_links":{"self":[{"href":"https:\/\/beiradouro.pt\/vp\/wp-json\/wp\/v2\/pages\/478","targetHints":{"allow":["GET"]}}],"collection":[{"href":"https:\/\/beiradouro.pt\/vp\/wp-json\/wp\/v2\/pages"}],"about":[{"href":"https:\/\/beiradouro.pt\/vp\/wp-json\/wp\/v2\/types\/page"}],"author":[{"embeddable":true,"href":"https:\/\/beiradouro.pt\/vp\/wp-json\/wp\/v2\/users\/2"}],"replies":[{"embeddable":true,"href":"https:\/\/beiradouro.pt\/vp\/wp-json\/wp\/v2\/comments?post=478"}],"version-history":[{"count":7,"href":"https:\/\/beiradouro.pt\/vp\/wp-json\/wp\/v2\/pages\/478\/revisions"}],"predecessor-version":[{"id":514,"href":"https:\/\/beiradouro.pt\/vp\/wp-json\/wp\/v2\/pages\/478\/revisions\/514"}],"wp:attachment":[{"href":"https:\/\/beiradouro.pt\/vp\/wp-json\/wp\/v2\/media?parent=478"}],"curies":[{"name":"wp","href":"https:\/\/api.w.org\/{rel}","templated":true}]}}