{"id":3,"date":"2025-05-31T13:49:25","date_gmt":"2025-05-31T13:49:25","guid":{"rendered":"https:\/\/personal.pt\/vp\/?page_id=3"},"modified":"2025-06-11T02:07:36","modified_gmt":"2025-06-11T02:07:36","slug":"politica-de-privacidade-e-cookies","status":"publish","type":"page","link":"https:\/\/beiradouro.pt\/vp\/politica-de-privacidade-e-cookies\/","title":{"rendered":"Pol\u00edtica de Privacidade e Cookies"},"content":{"rendered":"\t\t<div data-elementor-type=\"wp-page\" data-elementor-id=\"3\" class=\"elementor elementor-3\">\n\t\t\t\t\n<h2>Declara\u00e7\u00e3o de Privacidade<\/h2>\n<p>O objetivo desta pol\u00edtica de privacidade \u00e9 fornecer informa\u00e7\u00f5es sobre o processamento de dados pessoais ao utilizar o nosso Web site e servi\u00e7os associados.<\/p>\n<p>No \u00e2mbito do significado do Art.\u00ba 4\u00ba do Regulamento Geral de Protec\u00e7\u00e3o de Dados da UE (GDPR), dados pessoais s\u00e3o todas as informa\u00e7\u00f5es relativas a uma pessoa singular identificada ou identific\u00e1vel, por exemplo, nome, endere\u00e7o, endere\u00e7o de e-mail, etc.<\/p>\n<p>Respeitamos o seu direito \u00e0 privacidade e n\u00e3o recolhemos neste site qualquer informa\u00e7\u00e3o pessoal sobre si sem o seu consentimento.<\/p>\n<p>\u00a0<\/p>\n<h2>Recolha e utiliza\u00e7\u00e3o de dados pessoais<\/h2>\n<p>N\u00e3o recolhemos os seus dados pessoais neste site, a menos que voluntariamente os forne\u00e7a (por exemplo, quando utiliza o nosso formul\u00e1rio para nos dirigir um pedido de informa\u00e7\u00e3o ou uma queixa).<\/p>\n<p>Qualquer informa\u00e7\u00e3o que nos forne\u00e7a por esta via ser\u00e1 apenas utilizada para a finalidade descrita e com as garantias de seguran\u00e7a e confidencialidade, exigidas pelo GDPR.<\/p>\n<p>\u00a0<\/p>\n<h2>Liga\u00e7\u00f5es a Sites de terceiros<\/h2>\n<p>A nossa pol\u00edtica de privacidade n\u00e3o \u00e9 aplicada a sites de terceiros, pelo que, caso visite outro site a partir do nosso dever\u00e1 ler a politica de privacidade do mesmo.<\/p>\n<p>N\u00e3o nos responsabilizamos pela pol\u00edtica de privacidade ou conte\u00fado presente nesses mesmos sites.<\/p>\n<p>\u00a0<\/p>\t\t\t\t\t\t\t\t<\/div>\n\t\t\t\t<\/div>\n\t\t\t\t\t<\/div>\n\t\t\t\t<\/div>\n\t\t<div class=\"aux-parallax-section elementor-element elementor-element-8afae4a e-flex e-con-boxed e-con e-parent\" data-id=\"8afae4a\" data-element_type=\"container\" data-e-type=\"container\">\n\t\t\t\t\t<div class=\"e-con-inner\">\n\t\t\t\t<div class=\"elementor-element elementor-element-6a6b2c4 elementor-widget elementor-widget-menu-anchor\" data-id=\"6a6b2c4\" data-element_type=\"widget\" data-e-type=\"widget\" data-widget_type=\"menu-anchor.default\">\n\t\t\t\t<div class=\"elementor-widget-container\">\n\t\t\t\t\t\t\t<div class=\"elementor-menu-anchor\" id=\"cookies\"><\/div>\n\t\t\t\t\t\t<\/div>\n\t\t\t\t<\/div>\n\t\t\t\t<div class=\"elementor-element elementor-element-6018df3 elementor-widget elementor-widget-text-editor\" data-id=\"6018df3\" data-element_type=\"widget\" data-e-type=\"widget\" data-widget_type=\"text-editor.default\">\n\t\t\t\t<div class=\"elementor-widget-container\">\n\t\t\t\t\t\t\t\t\t\n<h2 class=\"wp-block-heading\" id=\"cookies\">Cookies<\/h2>\n<p>\u00a0<\/p>\n<h3>O que s\u00e3o Cookies<\/h3>\n<p>Na nossa p\u00e1gina web, usamos os chamados cookies com base no Artigo 6\u00ba, n.\u00ba 1, al\u00ednea f) do RGPD. Os cookies s\u00e3o pequenos ficheiros que s\u00e3o gravados no seu dispositivo (computador port\u00e1til, tablet, smartphone ou afins) quando visita a nossa p\u00e1gina web. Os cookies n\u00e3o provocam danos no seu dispositivo, n\u00e3o cont\u00eam v\u00edrus, cavalos de tr\u00f3ia nem outro software prejudicial. O cookie regista informa\u00e7\u00f5es geradas em rela\u00e7\u00e3o ao dispositivo especificamente utilizado. Mas isto n\u00e3o significa que, deste modo, tenhamos acesso direto \u00e0 sua identidade.<\/p>\n<h3>Para que servem?<\/h3>\n<p>Utilizamos os cookies para registo estat\u00edstico da utiliza\u00e7\u00e3o da nossa p\u00e1gina web, com o objetivo de otimizar a nossa oferta e para apresentarmos informa\u00e7\u00f5es especialmente adequadas ao seu perfil espec\u00edfico.<\/p>\n<p>Com estes cookies, quando nos visitar novamente, reconhecemos que j\u00e1 nos visitou antes. Estes cookies s\u00e3o automaticamente eliminados passado um per\u00edodo definido.<\/p>\n<p>A maioria dos browsers aceita automaticamente os cookies. Contudo, pode configurar o seu browser de modo que n\u00e3o sejam gravados cookies no seu computador ou que seja sempre apresentado um aviso antes de ser criado um novo cookie.<\/p>\n<p>\u00a0<\/p>\n<h2>Web Analytics<\/h2>\n<h3>Google Analytics<\/h3>\n<p>Este Website utiliza o Google Analytics, um servi\u00e7o de an\u00e1lise da Web da Google Inc. (&#8220;Google&#8221;). O Google Analytics usa um tipo espec\u00edfico de cookie, que \u00e9 armazenado no seu computador e permite apenas uma an\u00e1lise da utiliza\u00e7\u00e3o do nosso Website.<\/p>\n<p>Mais informa\u00e7\u00f5es sobre o processamento de dados pelo Google Analytics podem ser encontradas nos <a href=\"https:\/\/www.google.com\/analytics\/terms\/pt.html\" target=\"_blank\" rel=\"noopener\"> Termos de Servi\u00e7o do Google Analytics. <\/a><\/p>\n<p>O cliente pode configurar o seu navegador para recusar o armazenamento de cookies.<\/p>\n<p>O cliente pode igualmente impedir que os dados gravados gerados pelos cookies relativamente \u00e0 utiliza\u00e7\u00e3o do website (incluindo o endere\u00e7o de IP) sejam enviados para a Google e impedir o tratamento dos mesmos pela Google atrav\u00e9s do download e instala\u00e7\u00e3o de um plug-in no navegador dispon\u00edvel no seguinte endere\u00e7o: http:\/\/tools.google.com\/dlpage\/gaoptout?hl=pt<\/p>\n<p>\u00a0<\/p>\n<h2>Mudan\u00e7as nesta Pol\u00edtica de Privacidade e Cookies<\/h2>\n<p>Reservamo-nos o direito de modificar esta declara\u00e7\u00e3o. As mudan\u00e7as ser\u00e3o publicadas e publicitadas no nosso website.<\/p>\t\t\t\t\t\t\t\t<\/div>\n\t\t\t\t<\/div>\n\t\t\t\t\t<\/div>\n\t\t\t\t<\/div>\n\t\t<div class=\"aux-parallax-section elementor-element elementor-element-2bbb93f e-flex e-con-boxed e-con e-parent\" data-id=\"2bbb93f\" data-element_type=\"container\" data-e-type=\"container\">\n\t\t\t\t\t<div class=\"e-con-inner\">\n\t\t\t\t<div class=\"elementor-element elementor-element-630aaebd elementor-widget elementor-widget-text-editor\" data-id=\"630aaebd\" data-element_type=\"widget\" data-e-type=\"widget\" data-widget_type=\"text-editor.default\">\n\t\t\t\t<div class=\"elementor-widget-container\">\n\t\t\t\t\t\t\t\t\t\n<h2 class=\"wp-block-heading\">Declara\u00e7\u00e3o de Privacidade<\/h2>\n<p>O objetivo desta pol\u00edtica de privacidade \u00e9 fornecer informa\u00e7\u00f5es sobre o processamento de dados pessoais ao utilizar o nosso Web site e servi\u00e7os associados.<\/p>\n<p>No \u00e2mbito do significado do Art.\u00ba 4\u00ba do Regulamento Geral de Protec\u00e7\u00e3o de Dados da UE (GDPR), dados pessoais s\u00e3o todas as informa\u00e7\u00f5es relativas a uma pessoa singular identificada ou identific\u00e1vel, por exemplo, nome, endere\u00e7o, endere\u00e7o de e-mail, etc.<\/p>\n<p>Respeitamos o seu direito \u00e0 privacidade e n\u00e3o recolhemos neste site qualquer informa\u00e7\u00e3o pessoal sobre si sem o seu consentimento.<\/p>\n<p>\u00a0<\/p>\n<h2>Recolha e utiliza\u00e7\u00e3o de dados pessoais<\/h2>\n<p>N\u00e3o recolhemos os seus dados pessoais neste site, a menos que voluntariamente os forne\u00e7a (por exemplo, quando utiliza o nosso formul\u00e1rio para nos dirigir um pedido de informa\u00e7\u00e3o ou uma queixa).<\/p>\n<p>Qualquer informa\u00e7\u00e3o que nos forne\u00e7a por esta via ser\u00e1 apenas utilizada para a finalidade descrita e com as garantias de seguran\u00e7a e confidencialidade, exigidas pelo GDPR.<\/p>\n<p>\u00a0<\/p>\n<h2>Liga\u00e7\u00f5es a Sites de terceiros<\/h2>\n<p>A nossa pol\u00edtica de privacidade n\u00e3o \u00e9 aplicada a sites de terceiros, pelo que, caso visite outro site a partir do nosso dever\u00e1 ler a politica de privacidade do mesmo.<\/p>\n<p>N\u00e3o nos responsabilizamos pela pol\u00edtica de privacidade ou conte\u00fado presente nesses mesmos sites.<\/p>\n<p>\u00a0<\/p>\t\t\t\t\t\t\t\t<\/div>\n\t\t\t\t<\/div>\n\t\t\t\t\t<\/div>\n\t\t\t\t<\/div>\n\t\t<div class=\"aux-parallax-section elementor-element elementor-element-8afae4a e-flex e-con-boxed e-con e-parent\" data-id=\"8afae4a\" data-element_type=\"container\" data-e-type=\"container\">\n\t\t\t\t\t<div class=\"e-con-inner\">\n\t\t\t\t<div class=\"elementor-element elementor-element-6a6b2c4 elementor-widget elementor-widget-menu-anchor\" data-id=\"6a6b2c4\" data-element_type=\"widget\" data-e-type=\"widget\" data-widget_type=\"menu-anchor.default\">\n\t\t\t\t<div class=\"elementor-widget-container\">\n\t\t\t\t\t\t\t<div class=\"elementor-menu-anchor\" id=\"cookies\"><\/div>\n\t\t\t\t\t\t<\/div>\n\t\t\t\t<\/div>\n\t\t\t\t<div class=\"elementor-element elementor-element-6018df3 elementor-widget elementor-widget-text-editor\" data-id=\"6018df3\" data-element_type=\"widget\" data-e-type=\"widget\" data-widget_type=\"text-editor.default\">\n\t\t\t\t<div class=\"elementor-widget-container\">\n\t\t\t\t\t\t\t\t\t<!-- wp:heading -->\n<h2 id=\"cookies\">Cookies<\/h2>\n<p>\u00a0<\/p>\n<h3>O que s\u00e3o Cookies<\/h3>\n<p>Na nossa p\u00e1gina web, usamos os chamados cookies com base no Artigo 6\u00ba, n.\u00ba 1, al\u00ednea f) do RGPD. Os cookies s\u00e3o pequenos ficheiros que s\u00e3o gravados no seu dispositivo (computador port\u00e1til, tablet, smartphone ou afins) quando visita a nossa p\u00e1gina web. Os cookies n\u00e3o provocam danos no seu dispositivo, n\u00e3o cont\u00eam v\u00edrus, cavalos de tr\u00f3ia nem outro software prejudicial. O cookie regista informa\u00e7\u00f5es geradas em rela\u00e7\u00e3o ao dispositivo especificamente utilizado. Mas isto n\u00e3o significa que, deste modo, tenhamos acesso direto \u00e0 sua identidade.<\/p>\n<h3>Para que servem?<\/h3>\n<p>Utilizamos os cookies para registo estat\u00edstico da utiliza\u00e7\u00e3o da nossa p\u00e1gina web, com o objetivo de otimizar a nossa oferta e para apresentarmos informa\u00e7\u00f5es especialmente adequadas ao seu perfil espec\u00edfico.<\/p>\n<p>Com estes cookies, quando nos visitar novamente, reconhecemos que j\u00e1 nos visitou antes. Estes cookies s\u00e3o automaticamente eliminados passado um per\u00edodo definido.<\/p>\n<p>A maioria dos browsers aceita automaticamente os cookies. Contudo, pode configurar o seu browser de modo que n\u00e3o sejam gravados cookies no seu computador ou que seja sempre apresentado um aviso antes de ser criado um novo cookie.<\/p>\n<p>\u00a0<\/p>\n<h2>Web Analytics<\/h2>\n<h3>Google Analytics<\/h3>\n<p>Este Website utiliza o Google Analytics, um servi\u00e7o de an\u00e1lise da Web da Google Inc. (&#8220;Google&#8221;). O Google Analytics usa um tipo espec\u00edfico de cookie, que \u00e9 armazenado no seu computador e permite apenas uma an\u00e1lise da utiliza\u00e7\u00e3o do nosso Website.<\/p>\n<p>Mais informa\u00e7\u00f5es sobre o processamento de dados pelo Google Analytics podem ser encontradas nos <a href=\"https:\/\/www.google.com\/analytics\/terms\/pt.html\" target=\"_blank\" rel=\"noopener\"> Termos de Servi\u00e7o do Google Analytics. <\/a><\/p>\n<p>O cliente pode configurar o seu navegador para recusar o armazenamento de cookies.<\/p>\n<p>O cliente pode igualmente impedir que os dados gravados gerados pelos cookies relativamente \u00e0 utiliza\u00e7\u00e3o do website (incluindo o endere\u00e7o de IP) sejam enviados para a Google e impedir o tratamento dos mesmos pela Google atrav\u00e9s do download e instala\u00e7\u00e3o de um plug-in no navegador dispon\u00edvel no seguinte endere\u00e7o: http:\/\/tools.google.com\/dlpage\/gaoptout?hl=pt<\/p>\n<p>\u00a0<\/p>\n<h2>Mudan\u00e7as nesta Pol\u00edtica de Privacidade e Cookies<\/h2>\n<p>Reservamo-nos o direito de modificar esta declara\u00e7\u00e3o. As mudan\u00e7as ser\u00e3o publicadas e publicitadas no nosso website.<\/p>\t\t\t\t\t\t\t\t<\/div>\n\t\t\t\t<\/div>\n\t\t\t\t\t<\/div>\n\t\t\t\t<\/div>\n\t\t\t\t<\/div>\n\t\t","protected":false},"excerpt":{"rendered":"<p>Declara\u00e7\u00e3o de Privacidade O objetivo desta pol\u00edtica de privacidade \u00e9 fornecer informa\u00e7\u00f5es sobre o processamento de dados pessoais ao utilizar o nosso Web site e servi\u00e7os associados. No \u00e2mbito do significado do Art.\u00ba 4\u00ba do Regulamento Geral de Protec\u00e7\u00e3o de Dados da UE (GDPR), dados pessoais s\u00e3o todas as informa\u00e7\u00f5es relativas a uma pessoa singular [&hellip;]<\/p>\n","protected":false},"author":2,"featured_media":0,"parent":0,"menu_order":0,"comment_status":"closed","ping_status":"closed","template":"","meta":{"footnotes":""},"class_list":["post-3","page","type-page","status-publish","hentry"],"_links":{"self":[{"href":"https:\/\/beiradouro.pt\/vp\/wp-json\/wp\/v2\/pages\/3","targetHints":{"allow":["GET"]}}],"collection":[{"href":"https:\/\/beiradouro.pt\/vp\/wp-json\/wp\/v2\/pages"}],"about":[{"href":"https:\/\/beiradouro.pt\/vp\/wp-json\/wp\/v2\/types\/page"}],"author":[{"embeddable":true,"href":"https:\/\/beiradouro.pt\/vp\/wp-json\/wp\/v2\/users\/2"}],"replies":[{"embeddable":true,"href":"https:\/\/beiradouro.pt\/vp\/wp-json\/wp\/v2\/comments?post=3"}],"version-history":[{"count":8,"href":"https:\/\/beiradouro.pt\/vp\/wp-json\/wp\/v2\/pages\/3\/revisions"}],"predecessor-version":[{"id":939,"href":"https:\/\/beiradouro.pt\/vp\/wp-json\/wp\/v2\/pages\/3\/revisions\/939"}],"wp:attachment":[{"href":"https:\/\/beiradouro.pt\/vp\/wp-json\/wp\/v2\/media?parent=3"}],"curies":[{"name":"wp","href":"https:\/\/api.w.org\/{rel}","templated":true}]}}